{"id":154,"date":"2015-10-09T14:13:32","date_gmt":"2015-10-09T12:13:32","guid":{"rendered":"https:\/\/www.tunnelriskmodel.at\/?page_id=154&#038;lang=de"},"modified":"2026-03-05T13:45:58","modified_gmt":"2026-03-05T12:45:58","slug":"turismo-das-oesterreichische-tunnel-risikoanalysemodell","status":"publish","type":"page","link":"https:\/\/www.tunnelriskmodel.at\/de\/","title":{"rendered":"TuRisMo \u2013 Das \u00f6sterreichische Tunnel-Risikoanalysemodell"},"content":{"rendered":"<p>[et_pb_section fb_built=&#8220;1&#8243; custom_padding_last_edited=&#8220;on|desktop&#8220; admin_label=&#8220;section&#8220; _builder_version=&#8220;4.16&#8243; background_image=&#8220;https:\/\/www.tunnelriskmodel.at\/wp-content\/uploads\/2015\/10\/tunnel_image_bckg.jpg&#8220; custom_padding=&#8220;|||&#8220; custom_padding_tablet=&#8220;50px|0|50px|0&#8243; custom_padding_phone=&#8220;&#8220; transparent_background=&#8220;off&#8220; padding_mobile=&#8220;off&#8220; make_fullwidth=&#8220;off&#8220; use_custom_width=&#8220;off&#8220; width_unit=&#8220;on&#8220; global_colors_info=&#8220;{}&#8220;][et_pb_row use_custom_gutter=&#8220;on&#8220; gutter_width=&#8220;1&#8243; padding_mobile=&#8220;off&#8220; column_padding_mobile=&#8220;on&#8220; module_class=&#8220; et_pb_row_fullwidth&#8220; _builder_version=&#8220;4.16&#8243; background_size=&#8220;initial&#8220; background_position=&#8220;top_left&#8220; background_repeat=&#8220;repeat&#8220; width=&#8220;100%&#8220; width_tablet=&#8220;100%&#8220; width_last_edited=&#8220;on|desktop&#8220; max_width=&#8220;100%&#8220; max_width_tablet=&#8220;100%&#8220; max_width_last_edited=&#8220;on|desktop&#8220; make_fullwidth=&#8220;on&#8220; use_custom_width=&#8220;off&#8220; width_unit=&#8220;on&#8220; global_colors_info=&#8220;{}&#8220; width_phone=&#8220;100%&#8220; max_width_phone=&#8220;100%&#8220;][et_pb_column type=&#8220;4_4&#8243; _builder_version=&#8220;4.16&#8243; custom_padding=&#8220;|||&#8220; global_colors_info=&#8220;{}&#8220; custom_padding__hover=&#8220;|||&#8220;][et_pb_divider show_divider=&#8220;off&#8220; _builder_version=&#8220;4.16&#8243; height=&#8220;150px&#8220; hide_on_mobile=&#8220;off&#8220; global_colors_info=&#8220;{}&#8220;]<br \/>\n[\/et_pb_divider][et_pb_image src=&#8220;https:\/\/www.tunnelriskmodel.at\/wp-content\/uploads\/2015\/10\/stripe_top.png&#8220; show_bottom_space=&#8220;off&#8220; align=&#8220;right&#8220; align_tablet=&#8220;center&#8220; align_last_edited=&#8220;on|desktop&#8220; _builder_version=&#8220;4.16&#8243; animation=&#8220;off&#8220; sticky=&#8220;on&#8220; use_border_color=&#8220;off&#8220; border_color=&#8220;#ffffff&#8220; border_style=&#8220;solid&#8220; always_center_on_mobile=&#8220;on&#8220; global_colors_info=&#8220;{}&#8220; align_phone=&#8220;center&#8220;]<br \/>\n[\/et_pb_image][\/et_pb_column][\/et_pb_row][\/et_pb_section][et_pb_section fb_built=&#8220;1&#8243; _builder_version=&#8220;4.16&#8243; background_color=&#8220;#e66a1f&#8220; background_image=&#8220;https:\/\/www.tunnelriskmodel.at\/wp-content\/uploads\/2015\/10\/stripe_bottom.jpg&#8220; custom_padding=&#8220;0px||0px|&#8220; custom_padding_tablet=&#8220;0px||0px|&#8220; custom_css_main_element=&#8220;-moz-background-size: 100%;||-webkit-background-size: 100%;||background-size: 100%;||background-position: center bottom;&#8220; transparent_background=&#8220;off&#8220; padding_mobile=&#8220;on&#8220; make_fullwidth=&#8220;off&#8220; use_custom_width=&#8220;off&#8220; width_unit=&#8220;on&#8220; global_colors_info=&#8220;{}&#8220;][et_pb_row padding_mobile=&#8220;off&#8220; column_padding_mobile=&#8220;on&#8220; _builder_version=&#8220;4.16&#8243; background_size=&#8220;initial&#8220; background_position=&#8220;top_left&#8220; background_repeat=&#8220;repeat&#8220; custom_padding=&#8220;|&#8220; make_fullwidth=&#8220;off&#8220; use_custom_width=&#8220;off&#8220; width_unit=&#8220;on&#8220; global_colors_info=&#8220;{}&#8220;][et_pb_column type=&#8220;4_4&#8243; _builder_version=&#8220;4.16&#8243; background_color=&#8220;rgba(0,0,0,0)&#8220; custom_padding=&#8220;|||&#8220; global_colors_info=&#8220;{}&#8220; custom_padding__hover=&#8220;|||&#8220;][et_pb_text admin_label=&#8220;Das \u00f6sterreichische Tunnel-Risikoanalysemodell&#8220; _builder_version=&#8220;4.16&#8243; background_size=&#8220;initial&#8220; background_position=&#8220;top_left&#8220; background_repeat=&#8220;repeat&#8220; background_layout=&#8220;dark&#8220; use_border_color=&#8220;off&#8220; border_color=&#8220;#ffffff&#8220; border_style=&#8220;solid&#8220; global_colors_info=&#8220;{}&#8220;]<\/p>\n<h1 style=\"font-size: 36px;\"><span style=\"font-weight: 300;\">Das \u00f6sterreichische Tunnel-Risikoanalysemodell<\/span><br \/><strong>TuRisMo<\/strong><\/h1>\n<p>[\/et_pb_text][\/et_pb_column][\/et_pb_row][\/et_pb_section][et_pb_section fb_built=&#8220;1&#8243; _builder_version=&#8220;4.16&#8243; custom_padding=&#8220;20px||20px|&#8220; custom_padding_tablet=&#8220;20px||20px|&#8220; transparent_background=&#8220;off&#8220; padding_mobile=&#8220;on&#8220; make_fullwidth=&#8220;off&#8220; use_custom_width=&#8220;off&#8220; width_unit=&#8220;on&#8220; global_colors_info=&#8220;{}&#8220;][et_pb_row _builder_version=&#8220;4.16&#8243; background_size=&#8220;initial&#8220; background_position=&#8220;top_left&#8220; background_repeat=&#8220;repeat&#8220; global_colors_info=&#8220;{}&#8220;][et_pb_column type=&#8220;4_4&#8243; _builder_version=&#8220;4.16&#8243; custom_padding=&#8220;|||&#8220; global_colors_info=&#8220;{}&#8220; custom_padding__hover=&#8220;|||&#8220;][et_pb_text admin_label=&#8220;Einen leistungsbasierten Ansatz&#8220; _builder_version=&#8220;4.16&#8243; background_size=&#8220;initial&#8220; background_position=&#8220;top_left&#8220; background_repeat=&#8220;repeat&#8220; use_border_color=&#8220;off&#8220; global_colors_info=&#8220;{}&#8220;]<\/p>\n<h3>Ein leistungsbasierter Ansatz<\/h3>\n<p>Seit Umsetzung der EU-Richtlinie 2004\/54\/EG ist die Tunnelsicherheit ein zentraler Aspekt in der Planung und im Betrieb von Stra\u00dfentunneln. \u00d6sterreich f\u00fchrte damit einen leistungsbasierten Ansatz in Bezug auf Stra\u00dfentunnelsicherheit ein. In der Erstver\u00f6ffentlichung beschreibt das \u00f6sterreichische Tunnel-Risikoanalysemodell (TuRisMo) eine der ersten Methoden zur Analyse und Bewertung von Stra\u00dfentunnelsicherheit in quantitativer Form.<\/p>\n<p>TuRisMo kombiniert verschiedene methodische Elemente f\u00fcr die Analyse eines gesamten Tunnelsystems und verfolgt dabei einen ganzheitlichen Ansatz. Das Modell erm\u00f6glicht die Berechnung eines Erwartungswertes f\u00fcr das kollektive Risiko der Tunnelnutzer im untersuchten Tunnel.<\/p>\n<p>Die Methodik besteht aus folgenden zwei Kernelementen: einer quantitativen H\u00e4ufigkeitsanalyse und einer quantitativen Schadensausma\u00dfanalyse.<\/p>\n<p>[\/et_pb_text][\/et_pb_column][\/et_pb_row][et_pb_row _builder_version=&#8220;4.16&#8243; background_size=&#8220;initial&#8220; background_position=&#8220;top_left&#8220; background_repeat=&#8220;repeat&#8220; global_colors_info=&#8220;{}&#8220; column_structure=&#8220;1_3,1_3,1_3&#8243;][et_pb_column type=&#8220;1_3&#8243; _builder_version=&#8220;4.16&#8243; custom_padding=&#8220;|||&#8220; global_colors_info=&#8220;{}&#8220; custom_padding__hover=&#8220;|||&#8220;][et_pb_blurb title=&#8220;H\u00e4ufigkeitsanalyse \u2013 Kollisionen und Brandf\u00e4lle&#8220; image=&#8220;https:\/\/www.tunnelriskmodel.at\/wp-content\/uploads\/2015\/10\/icon_analysis.png&#8220; image_icon_width=&#8220;none&#8220; admin_label=&#8220;H\u00e4ufigkeitsanalyse&#8220; _builder_version=&#8220;4.16&#8243; background_size=&#8220;initial&#8220; background_position=&#8220;top_left&#8220; background_repeat=&#8220;repeat&#8220; animation=&#8220;off&#8220; use_border_color=&#8220;off&#8220; border_color=&#8220;#ffffff&#8220; border_style=&#8220;solid&#8220; image_max_width=&#8220;none&#8220; use_circle=&#8220;on&#8220; use_circle_border=&#8220;on&#8220; circle_border_color=&#8220;#e86b1f&#8220; circle_color=&#8220;#ffffff&#8220; global_colors_info=&#8220;{}&#8220;]<\/p>\n<p>\nDie Durchf\u00fchrung einer Ereignisbaumanalyse dient zur Identifizierung einer Reihe von typischen Schadensszenarien (Kollisionen und Brandf\u00e4lle) und zur Berechnung deren H\u00e4ufigkeit.<\/p>\n<p>[\/et_pb_blurb][\/et_pb_column][et_pb_column type=&#8220;1_3&#8243; _builder_version=&#8220;4.16&#8243; custom_padding=&#8220;|||&#8220; global_colors_info=&#8220;{}&#8220; custom_padding__hover=&#8220;|||&#8220;][et_pb_blurb title=&#8220;Schadensausma\u00dfanalyse \u2013 Kollision&#8220; image=&#8220;https:\/\/www.tunnelriskmodel.at\/wp-content\/uploads\/2015\/10\/icon_collision.png&#8220; image_icon_width=&#8220;none&#8220; admin_label=&#8220;Schadensausma\u00dfanalyse \u2013 Kollision&#8220; _builder_version=&#8220;4.16&#8243; background_size=&#8220;initial&#8220; background_position=&#8220;top_left&#8220; background_repeat=&#8220;repeat&#8220; animation=&#8220;off&#8220; use_border_color=&#8220;off&#8220; border_color=&#8220;#ffffff&#8220; border_style=&#8220;solid&#8220; image_max_width=&#8220;none&#8220; icon_font_size=&#8220;40&#8243; use_circle=&#8220;on&#8220; use_circle_border=&#8220;on&#8220; circle_border_color=&#8220;#e86b1f&#8220; circle_color=&#8220;#ffffff&#8220; global_colors_info=&#8220;{}&#8220;]<\/p>\n<p>\nDie Methodik stellt Standardwerte zur Schadensausma\u00dfanalyse einzelner Kollisionsszenarien zur Verf\u00fcgung, die auf Basis statistischer Daten von Kollisionsereignissen in Tunneln ermittelt wurden.<\/p>\n<p>[\/et_pb_blurb][\/et_pb_column][et_pb_column type=&#8220;1_3&#8243; _builder_version=&#8220;4.16&#8243; custom_padding=&#8220;|||&#8220; global_colors_info=&#8220;{}&#8220; custom_padding__hover=&#8220;|||&#8220;][et_pb_blurb title=&#8220;Schadensausma\u00dfanalyse \u2013 Brandfall&#8220; image=&#8220;https:\/\/www.tunnelriskmodel.at\/wp-content\/uploads\/2015\/10\/icon_fire.png&#8220; image_icon_width=&#8220;none&#8220; admin_label=&#8220;Schadensausma\u00dfanalyse \u2013 Brandfall&#8220; _builder_version=&#8220;4.16&#8243; background_size=&#8220;initial&#8220; background_position=&#8220;top_left&#8220; background_repeat=&#8220;repeat&#8220; animation=&#8220;off&#8220; use_border_color=&#8220;off&#8220; border_color=&#8220;#ffffff&#8220; border_style=&#8220;solid&#8220; image_max_width=&#8220;none&#8220; icon_font_size=&#8220;40&#8243; use_circle=&#8220;on&#8220; use_circle_border=&#8220;on&#8220; circle_border_color=&#8220;#e86b1f&#8220; circle_color=&#8220;#ffffff&#8220; global_colors_info=&#8220;{}&#8220;]<\/p>\n<p>\nDie Methodik stellt Standardwerte f\u00fcr das Schadensausma\u00df in unterschiedlichen Brandszenarien zur Verf\u00fcgung, die anhand detaillierter Rauchausbreitungs- und Evakuierungssimulationen berechnet wurden.<\/p>\n<p>[\/et_pb_blurb][\/et_pb_column][\/et_pb_row][\/et_pb_section][et_pb_section fb_built=&#8220;1&#8243; _builder_version=&#8220;4.16&#8243; background_color=&#8220;#a09e8a&#8220; custom_padding=&#8220;20px||20px|&#8220; custom_padding_tablet=&#8220;20px||20px|&#8220; transparent_background=&#8220;off&#8220; padding_mobile=&#8220;on&#8220; make_fullwidth=&#8220;off&#8220; use_custom_width=&#8220;off&#8220; width_unit=&#8220;on&#8220; global_colors_info=&#8220;{}&#8220;][et_pb_row _builder_version=&#8220;4.16&#8243; background_size=&#8220;initial&#8220; background_position=&#8220;top_left&#8220; background_repeat=&#8220;repeat&#8220; global_colors_info=&#8220;{}&#8220; column_structure=&#8220;1_3,2_3&#8243;][et_pb_column type=&#8220;1_3&#8243; _builder_version=&#8220;4.16&#8243; custom_padding=&#8220;|||&#8220; global_colors_info=&#8220;{}&#8220; custom_padding__hover=&#8220;|||&#8220;][et_pb_text admin_label=&#8220;Kontinuierlich verbessert&#8220; _builder_version=&#8220;4.16&#8243; background_size=&#8220;initial&#8220; background_position=&#8220;top_left&#8220; background_repeat=&#8220;repeat&#8220; background_layout=&#8220;dark&#8220; use_border_color=&#8220;off&#8220; border_color=&#8220;#ffffff&#8220; border_style=&#8220;solid&#8220; global_colors_info=&#8220;{}&#8220;]<\/p>\n<h3>Kontinuierlich verbessert<\/h3>\n<p>Seit Ver\u00f6ffentlichung des Modells im Jahr 2008 konnten umfassende praktische Erfahrungen gesammelt werden. TuRisMo wurde kontinuierlich verbessert und ausgebaut, um den vielseitigen Anforderungen unterschiedlicher Tunnelsysteme gerecht zu werden. Daher erm\u00f6glicht das Modell heute eine noch viel detailliertere Untersuchung der Einflussfaktoren und ein viel umfangreicheres Anwendungsgebiet.<\/p>\n<p>[\/et_pb_text][\/et_pb_column][et_pb_column type=&#8220;2_3&#8243; _builder_version=&#8220;4.16&#8243; custom_padding=&#8220;|||&#8220; global_colors_info=&#8220;{}&#8220; custom_padding__hover=&#8220;|||&#8220;][et_pb_text admin_label=&#8220;Eignet sich hervorragend&#8220; _builder_version=&#8220;4.16&#8243; background_size=&#8220;initial&#8220; background_position=&#8220;top_left&#8220; background_repeat=&#8220;repeat&#8220; background_layout=&#8220;dark&#8220; use_border_color=&#8220;off&#8220; global_colors_info=&#8220;{}&#8220;]<\/p>\n<h3>TuRisMo eignet sich hervorragend f\u00fcr die Durchf\u00fchrung s\u00e4mtlicher Risikostudien zur<\/h3>\n<ul>\n<li>Auswahl der besten Ma\u00dfnahme oder Ma\u00dfnahmenkombination hinsichtlich ihrer Wirksamkeit bez\u00fcglich Risikominderung<\/li>\n<li>Identifizierung der kostenwirksamsten L\u00f6sung zur Erreichung des Mindestsicherheitsniveaus<\/li>\n<li>Ermittlung der Risikoauswirkungen spezieller M\u00e4ngel in bestehenden Tunnelbauwerken (z.\u00a0B. hinsichtlich des L\u00fcftungssystems)<\/li>\n<li>Ermittlung der Risikominderung m\u00f6glicher Kompensationsma\u00dfnahmen und Identifizierung der kostenwirksamsten Kompensationsma\u00dfnahmenkombination<\/li>\n<\/ul>\n<p>[\/et_pb_text][\/et_pb_column][\/et_pb_row][\/et_pb_section][et_pb_section fb_built=&#8220;1&#8243; _builder_version=&#8220;4.16&#8243; global_colors_info=&#8220;{}&#8220;][et_pb_row _builder_version=&#8220;4.16&#8243; background_size=&#8220;initial&#8220; background_position=&#8220;top_left&#8220; background_repeat=&#8220;repeat&#8220; global_colors_info=&#8220;{}&#8220;][et_pb_column type=&#8220;4_4&#8243; _builder_version=&#8220;4.16&#8243; custom_padding=&#8220;|||&#8220; global_colors_info=&#8220;{}&#8220; custom_padding__hover=&#8220;|||&#8220;][et_pb_text admin_label=&#8220;Eine gemeinsame Anstrengung&#8220; _builder_version=&#8220;4.16&#8243; background_size=&#8220;initial&#8220; background_position=&#8220;top_left&#8220; background_repeat=&#8220;repeat&#8220; use_border_color=&#8220;off&#8220; border_color=&#8220;#ffffff&#8220; border_style=&#8220;solid&#8220; global_colors_info=&#8220;{}&#8220;]<\/p>\n<h3>Eine gemeinsame Anstrengung von \u00f6sterreichischen Beh\u00f6rden, Verb\u00e4nden und privaten Unternehmen<\/h3>\n<p>Im April 2015 wurde das nachger\u00fcstete Modell in einer Fortschreibung der \u00f6sterreichischen Richtlinie RVS 09.03.11 ver\u00f6ffentlicht. In \u00d6sterreich werden Richtlinien f\u00fcr Stra\u00dfentunnel von der \u00f6sterreichischen Forschungsgesellschaft Stra\u00dfe \u2013 Schiene \u2013 Verkehr (FSV) erarbeitet. F\u00fcr die Fortschreibung wurden daher Arbeitsgruppen auf Gesellschaftsebene und unter Einbeziehung relevanter Interessensgruppen sowie Experten aus Forschung und Praxis gebildet.<\/p>\n<p>Die Revision der RVS 09.03.11 erfolgte in Zusammenarbeit mit der \u00f6sterreichischen Tunnel-Verwaltungsbeh\u00f6rde \u2013 dem Bundesministerium f\u00fcr Verkehr, Innovation und Technologie, der ASFiNAG \u2013 \u00d6sterreichs gr\u00f6\u00dftem Autobahn-, Schnellstra\u00dfen- und Tunnelbetreiber, dem \u00f6sterreichischen Bundesfeuerwehrverband, Experten der Universit\u00e4t Graz und Fachleuten aus Privatunternehmen. ILF Consulting Engineers Austria GmbH wurde mit der Entwicklung des Kernst\u00fccks des Modells beauftragt.<\/p>\n<p>[\/et_pb_text][\/et_pb_column][\/et_pb_row][et_pb_row _builder_version=&#8220;4.16&#8243; background_size=&#8220;initial&#8220; background_position=&#8220;top_left&#8220; background_repeat=&#8220;repeat&#8220; global_colors_info=&#8220;{}&#8220; column_structure=&#8220;1_2,1_2&#8243;][et_pb_column type=&#8220;1_2&#8243; _builder_version=&#8220;4.16&#8243; custom_padding=&#8220;|||&#8220; global_colors_info=&#8220;{}&#8220; custom_padding__hover=&#8220;|||&#8220;][et_pb_text admin_label=&#8220;Logos 1&#8243; _builder_version=&#8220;4.16&#8243; background_size=&#8220;initial&#8220; background_position=&#8220;top_left&#8220; background_repeat=&#8220;repeat&#8220; use_border_color=&#8220;off&#8220; global_colors_info=&#8220;{}&#8220;]<\/p>\n<p>\n<div class='one_third'>\n\t\t\t\t\t<img decoding=\"async\" class=\"alignnone size-full wp-image-129\" src=\"https:\/\/www.tunnelriskmodel.at\/wp-content\/uploads\/2015\/10\/fsv_logo.jpg\" alt=\"fsv_logo\" width=\"120\" srcset=\"https:\/\/www.tunnelriskmodel.at\/wp-content\/uploads\/2015\/10\/fsv_logo.jpg 888w, https:\/\/www.tunnelriskmodel.at\/wp-content\/uploads\/2015\/10\/fsv_logo-300x95.jpg 300w\" sizes=\"(max-width: 888px) 100vw, 888px\" \/>\n\t\t\t\t<\/div> <div class='one_third'>\n\t\t\t\t\t<img decoding=\"async\" class=\"alignnone size-medium wp-image-126\" src=\"https:\/\/www.tunnelriskmodel.at\/wp-content\/uploads\/2015\/10\/bmvit_logo.jpg\" alt=\"bmvit_logo\" width=\"130\" \/>\n\t\t\t\t<\/div> <div class='one_third et_column_last'>\n\t\t\t\t\t<img decoding=\"async\" class=\"alignnone size-medium wp-image-127\" style=\"margin-top: 10px;\" src=\"https:\/\/www.tunnelriskmodel.at\/wp-content\/uploads\/2015\/10\/asfinag_logo.jpg\" alt=\"asfinag_logo\" width=\"160\" \/>\n\t\t\t\t<\/div><div class='clear'><\/div><\/p>\n<p>[\/et_pb_text][\/et_pb_column][et_pb_column type=&#8220;1_2&#8243; _builder_version=&#8220;4.16&#8243; custom_padding=&#8220;|||&#8220; global_colors_info=&#8220;{}&#8220; custom_padding__hover=&#8220;|||&#8220;][et_pb_text admin_label=&#8220;Logos 2&#8243; _builder_version=&#8220;4.27.6&#8243; background_size=&#8220;initial&#8220; background_position=&#8220;top_left&#8220; background_repeat=&#8220;repeat&#8220; hover_enabled=&#8220;0&#8243; use_border_color=&#8220;off&#8220; global_colors_info=&#8220;{}&#8220; sticky_enabled=&#8220;0&#8243;]<\/p>\n<p><div class='one_third'>\n\t\t\t\t\t<img decoding=\"async\" class=\"alignnone size-full wp-image-125\" src=\"https:\/\/www.tunnelriskmodel.at\/wp-content\/uploads\/2015\/10\/oebfv_logo.jpg\" alt=\"oebfv_logo\" width=\"80\" \/>\n\t\t\t\t<\/div> <div class='one_third'>\n\t\t\t\t\t<img loading=\"lazy\" decoding=\"async\" class=\"alignnone wp-image-772 \" src=\"https:\/\/www.tunnelriskmodel.at\/wp-content\/uploads\/2020\/01\/TUGraz_BW-300x147.jpg\" alt=\"\" width=\"109\" height=\"54\" \/>\n\t\t\t\t<\/div> <div class='one_third et_column_last'>\n\t\t\t\t\t<img loading=\"lazy\" decoding=\"async\" class=\"alignnone wp-image-120 \" src=\"https:\/\/www.tunnelriskmodel.at\/wp-content\/uploads\/2015\/10\/ilf_logo_grey.png\" alt=\"\" width=\"63\" height=\"66\" \/>\n\t\t\t\t<\/div><div class='clear'><\/div><\/p>\n<p>[\/et_pb_text][\/et_pb_column][\/et_pb_row][\/et_pb_section]<\/p>\n","protected":false},"excerpt":{"rendered":"<p>Das \u00f6sterreichische Tunnel-RisikoanalysemodellTuRisMo Ein leistungsbasierter Ansatz Seit Umsetzung der EU-Richtlinie 2004\/54\/EG ist die Tunnelsicherheit ein zentraler Aspekt in der Planung und im Betrieb von Stra\u00dfentunneln. \u00d6sterreich f\u00fchrte damit einen leistungsbasierten Ansatz in Bezug auf Stra\u00dfentunnelsicherheit ein. In der Erstver\u00f6ffentlichung beschreibt das \u00f6sterreichische Tunnel-Risikoanalysemodell (TuRisMo) eine der ersten Methoden zur Analyse und Bewertung von Stra\u00dfentunnelsicherheit in [&hellip;]<\/p>\n","protected":false},"author":1,"featured_media":0,"parent":0,"menu_order":0,"comment_status":"closed","ping_status":"closed","template":"","meta":{"_et_pb_use_builder":"on","_et_pb_old_content":"","_et_gb_content_width":"","footnotes":""},"class_list":["post-154","page","type-page","status-publish","hentry"],"_links":{"self":[{"href":"https:\/\/www.tunnelriskmodel.at\/de\/wp-json\/wp\/v2\/pages\/154","targetHints":{"allow":["GET"]}}],"collection":[{"href":"https:\/\/www.tunnelriskmodel.at\/de\/wp-json\/wp\/v2\/pages"}],"about":[{"href":"https:\/\/www.tunnelriskmodel.at\/de\/wp-json\/wp\/v2\/types\/page"}],"author":[{"embeddable":true,"href":"https:\/\/www.tunnelriskmodel.at\/de\/wp-json\/wp\/v2\/users\/1"}],"replies":[{"embeddable":true,"href":"https:\/\/www.tunnelriskmodel.at\/de\/wp-json\/wp\/v2\/comments?post=154"}],"version-history":[{"count":13,"href":"https:\/\/www.tunnelriskmodel.at\/de\/wp-json\/wp\/v2\/pages\/154\/revisions"}],"predecessor-version":[{"id":886,"href":"https:\/\/www.tunnelriskmodel.at\/de\/wp-json\/wp\/v2\/pages\/154\/revisions\/886"}],"wp:attachment":[{"href":"https:\/\/www.tunnelriskmodel.at\/de\/wp-json\/wp\/v2\/media?parent=154"}],"curies":[{"name":"wp","href":"https:\/\/api.w.org\/{rel}","templated":true}]}}