{"id":503,"date":"2016-02-15T22:36:33","date_gmt":"2016-02-15T21:36:33","guid":{"rendered":"https:\/\/www.tunnelriskmodel.at\/de\/?page_id=503"},"modified":"2016-02-15T22:36:33","modified_gmt":"2016-02-15T21:36:33","slug":"hintergrund","status":"publish","type":"page","link":"https:\/\/www.tunnelriskmodel.at\/de\/ueber-turismo\/hintergrund\/","title":{"rendered":"Hintergrund"},"content":{"rendered":"<p>[et_pb_section admin_label=&#8220;section&#8220; background_image=&#8220;https:\/\/www.tunnelriskmodel.at\/wp-content\/uploads\/2015\/10\/stripe_bottom.jpg&#8220; transparent_background=&#8220;off&#8220; background_color=&#8220;#e66a1f&#8220; allow_player_pause=&#8220;off&#8220; inner_shadow=&#8220;off&#8220; parallax=&#8220;off&#8220; parallax_method=&#8220;off&#8220; custom_padding=&#8220;20px|20px&#8220; padding_mobile=&#8220;on&#8220; make_fullwidth=&#8220;off&#8220; use_custom_width=&#8220;off&#8220; width_unit=&#8220;on&#8220; make_equal=&#8220;off&#8220; use_custom_gutter=&#8220;off&#8220; custom_css_main_element=&#8220;-moz-background-size: 100%;||-webkit-background-size: 100%;||background-size: 100%;||background-position: center bottom;&#8220; gutter_width=&#8220;3&#8243;][et_pb_row admin_label=&#8220;row&#8220;][et_pb_column type=&#8220;4_4&#8243;][et_pb_text admin_label=&#8220;Hintergrund und Ziel&#8220; background_layout=&#8220;dark&#8220; text_orientation=&#8220;left&#8220; use_border_color=&#8220;off&#8220; border_color=&#8220;#ffffff&#8220; border_style=&#8220;solid&#8220; text_font_size=&#8220;14&#8243;]<\/p>\n<h1>Hintergrund &amp; Ziel<\/h1>\n<p>[\/et_pb_text][\/et_pb_column][\/et_pb_row][\/et_pb_section][et_pb_section admin_label=&#8220;section&#8220; transparent_background=&#8220;off&#8220; background_color=&#8220;#ffffff&#8220; allow_player_pause=&#8220;off&#8220; inner_shadow=&#8220;off&#8220; parallax=&#8220;off&#8220; parallax_method=&#8220;off&#8220; padding_mobile=&#8220;on&#8220; make_fullwidth=&#8220;off&#8220; use_custom_width=&#8220;off&#8220; width_unit=&#8220;on&#8220; make_equal=&#8220;off&#8220; use_custom_gutter=&#8220;off&#8220; gutter_width=&#8220;3&#8243; custom_padding=&#8220;30px||30px|&#8220;][et_pb_row admin_label=&#8220;row&#8220; make_fullwidth=&#8220;off&#8220; use_custom_width=&#8220;off&#8220; width_unit=&#8220;on&#8220; use_custom_gutter=&#8220;off&#8220; gutter_width=&#8220;3&#8243; custom_padding=&#8220;||0px|&#8220; padding_mobile=&#8220;off&#8220; allow_player_pause=&#8220;off&#8220; parallax=&#8220;off&#8220; parallax_method=&#8220;off&#8220; make_equal=&#8220;off&#8220; parallax_1=&#8220;off&#8220; parallax_method_1=&#8220;off&#8220; column_padding_mobile=&#8220;on&#8220;][et_pb_column type=&#8220;4_4&#8243;][et_pb_text admin_label=&#8220;Nach den schweren Tunnelunf\u00e4llen&#8220; background_layout=&#8220;light&#8220; text_orientation=&#8220;left&#8220; text_font_size=&#8220;14&#8243; use_border_color=&#8220;off&#8220; border_color=&#8220;#ffffff&#8220; border_style=&#8220;solid&#8220;]<\/p>\n<p>Nach den schweren Tunnelunf\u00e4llen in den Jahren 1999 und 2001 widmeten sich viele Beh\u00f6rden immer mehr der Diskussion und Kl\u00e4rung von Standards f\u00fcr Stra\u00dfentunnel. Aus diesem Diskussionsprozess ging zun\u00e4chst die Entwicklung und im April 2004 schlie\u00dflich die Ver\u00f6ffentlichung der EU-Richtlinie 2004\/54\/EG \u00fcber die Mindestanforderungen an die Sicherheit von Stra\u00dfentunneln hervor. Neben Sicherheitsma\u00dfnahmen und Organisationsstandards verpflichtet Artikel 13 alle Mitgliedsstaaten zur Entwicklung einer Methodik f\u00fcr Risikoanalysen auf nationaler Ebene. Weist ein Tunnel eine besondere Charakteristik\/oder Abweichungen von den Erfordernissen der Richtlinie auf, werden diese Analysen als Risikobewertungstool angewandt, um sicherzustellen, dass die Tunnelsicherheit ausreichend ist.<\/p>\n<p>[\/et_pb_text][et_pb_image admin_label=&#8220;Image&#8220; src=&#8220;https:\/\/www.tunnelriskmodel.at\/wp-content\/uploads\/2016\/02\/timeline_de.jpg&#8220; show_in_lightbox=&#8220;off&#8220; url_new_window=&#8220;off&#8220; animation=&#8220;off&#8220; sticky=&#8220;on&#8220; align=&#8220;center&#8220; force_fullwidth=&#8220;off&#8220; always_center_on_mobile=&#8220;on&#8220; use_border_color=&#8220;off&#8220; border_color=&#8220;#ffffff&#8220; border_style=&#8220;solid&#8220; custom_margin=&#8220;30px|||&#8220;]<\/p>\n<p><\/p>\n<p>[\/et_pb_image][\/et_pb_column][\/et_pb_row][et_pb_row admin_label=&#8220;Row&#8220;][et_pb_column type=&#8220;1_2&#8243;][et_pb_text admin_label=&#8220;Daher stie\u00df das \u00f6sterreichische&#8220; background_layout=&#8220;light&#8220; text_orientation=&#8220;left&#8220; text_font_size=&#8220;14&#8243; use_border_color=&#8220;off&#8220; border_color=&#8220;#ffffff&#8220; border_style=&#8220;solid&#8220;]<\/p>\n<p>Daher stie\u00df das \u00f6sterreichische Bundesministerium f\u00fcr Verkehr, Innovation und Technologie (BMVIT) einen Planungsprozess zur Entwicklung einer Methodik an, die den speziellen Anforderungen von \u00f6sterreichischen Stra\u00dfentunneln entspricht. Der Arbeitsprozess wurde von einer Gruppe aus Tunnelsicherheits- und L\u00fcftungsexperten koordiniert. Mit dem Sammeln von Daten \u00fcber Unf\u00e4lle, Tunnelpl\u00e4ne und -ausr\u00fcstung und Verkehrsmerkmale nahm die Expertengruppe im Jahr 2003 ihre Arbeit auf. Nach Bewertung, Vergleich und Vervollst\u00e4ndigung der Daten mittels fremder Datenquellen wurde eine methodische Vorgehensweise definiert. Das Tunnel-Risikoanalysemodell \u201eTuRisMo\u201c wurde erstmals am 01.\u00a0August 2008 in der RVS 09.03.11 ver\u00f6ffentlicht. Eine vereinfachte Bewertungsmethode f\u00fcr die Berechnung eines Risiko\u00e4quivalentwertes von Standardtunneln wurde in der RVS 09.02.31 (Tunnell\u00fcftung) ver\u00f6ffentlicht.<\/p>\n<p>Im Mai 2006 wurde das \u00f6sterreichische Tunnelsicherheitsgesetz verabschiedet und die Ergebnisse der Tunnelrisikoanalysen mussten von nun an verpflichtend f\u00fcr alle Tunnelprojekte in \u00d6sterreich ber\u00fccksichtigt werden. Dank der hohen Anzahl an in \u00d6sterreich oder anderen europ\u00e4ischen L\u00e4ndern durchgef\u00fchrten Risikoanalysen konnte mit diesem Risikobewertungstool viel Erfahrung und Wissen \u00fcber die erreichten und \u00fcberschrittenen Grenzwerte gesammelt werden.<\/p>\n<p>In f\u00fcnf Jahren praktischer Anwendung des \u00f6sterreichischen Tunnel-Risikoanalysemodels hat sich der Fokus verlagert. W\u00e4hrend dieser in der ersten Anwendungsphase noch auf den Standardf\u00e4llen lag, zum Beispiel, um die Gef\u00e4hrdungsklasse eines Tunnels zu definieren, hat er sich mit der Zeit auf die Anwendung eines Tools zur Entscheidungshilfe verlagert, um somit neue und komplexere Probleme zu beleuchten.<\/p>\n<p>[\/et_pb_text][\/et_pb_column][et_pb_column type=&#8220;1_2&#8243;][et_pb_text admin_label=&#8220;Da die Kosten einen immer&#8220; background_layout=&#8220;light&#8220; text_orientation=&#8220;left&#8220; text_font_size=&#8220;14&#8243; use_border_color=&#8220;off&#8220; border_color=&#8220;#ffffff&#8220; border_style=&#8220;solid&#8220;]<\/p>\n<p>Da die Kosten einen immer entscheidenderen Faktor f\u00fcr Investitionen im Bereich der Tunnelsicherheit darstellen, werden Risikobewertungen zunehmend zur quantitativen Bewertung der Auswirkungen verschiedener Planungsvarianten und\/oder zus\u00e4tzlicher Ma\u00dfnahmen zur Risikominderung auf die Tunnelsicherheit herangezogen, um das Kosten-Nutzen-Verh\u00e4ltnis zu optimieren.<\/p>\n<p>Im Jahr 2011 begann die Expertengruppe zun\u00e4chst mit der Anpassung und Ausweitung des Tunnel-Risikoanalysemodels TuRisMo und ver\u00f6ffentlichte schlie\u00dflich am 01. April 2015 eine aktualisierte Version der RVS 09.03.11. Die aktualisierte TuRisMo-Version ist in der Standardversion und f\u00fcr die erweiterte Anwendung verf\u00fcgbar. Letztere umfasst detaillierte Brandrisikoanalysen, basierend auf den speziellen Rauchausbreitungsmerkmalen eines Tunnels.<\/p>\n<p>Risikoanalysen werden h\u00e4ufig als Entscheidungshilfe in der Planungsphase oder w\u00e4hrend des Umbaus von bestehenden Tunnelbauwerken herangezogen. In den fr\u00fchen Planungsphasen oder in der Vorbereitung des Umbaus kann eine Risikoanalyse rasch Aufschluss \u00fcber die Wirkung von individuellen Sicherheitsma\u00dfnahmen oder einer Kombination solcher bieten, ohne dabei kostenintensive \u00c4nderungen am Tunnel vornehmen zu m\u00fcssen. Risikoanalysen werden auch oft mit Kosten-Nutzen-\u00dcberlegungen kombiniert.<\/p>\n<p>[\/et_pb_text][et_pb_divider admin_label=&#8220;Divider&#8220; color=&#8220;#bbbbbb&#8220; show_divider=&#8220;on&#8220; height=&#8220;2&#8243; divider_style=&#8220;solid&#8220; divider_position=&#8220;top&#8220; divider_weight=&#8220;1&#8243; hide_on_mobile=&#8220;on&#8220;]<\/p>\n<p><\/p>\n<p>[\/et_pb_divider][et_pb_text admin_label=&#8220;Links&#8220; background_layout=&#8220;light&#8220; text_orientation=&#8220;left&#8220; text_font_size=&#8220;14&#8243; use_border_color=&#8220;off&#8220; border_color=&#8220;#ffffff&#8220; border_style=&#8220;solid&#8220;]<\/p>\n<p><a style=\"font-weight: bold; line-height: 24px;\" href=\"https:\/\/www.tunnelriskmodel.at\/de\/ueber-turismo\/analysen\/\"><span style=\"font-family: 'etmodules' !important; margin-right: 5px;\">=<\/span> H\u00e4ufigkeitsanalyse und Schadensausma\u00dfanalyse<\/a><br \/>\n<a style=\"font-weight: bold; line-height: 24px;\" href=\"https:\/\/www.tunnelriskmodel.at\/de\/ueber-turismo\/risikobewertung\/\"><span style=\"font-family: 'etmodules' !important; margin-right: 5px;\">=<\/span> Risikobewertung<\/a><br \/>\n<a style=\"font-weight: bold; line-height: 24px;\" href=\"https:\/\/www.tunnelriskmodel.at\/de\/ueber-turismo\/gefahrgut\/\"><span style=\"font-family: 'etmodules' !important; margin-right: 5px;\">=<\/span> Gefahrgut<\/a><\/p>\n<p>[\/et_pb_text][\/et_pb_column][\/et_pb_row][\/et_pb_section][et_pb_section admin_label=&#8220;Section&#8220; fullwidth=&#8220;off&#8220; specialty=&#8220;off&#8220; transparent_background=&#8220;off&#8220; allow_player_pause=&#8220;off&#8220; inner_shadow=&#8220;off&#8220; parallax=&#8220;off&#8220; parallax_method=&#8220;off&#8220; custom_padding=&#8220;30px|||&#8220; padding_mobile=&#8220;on&#8220; make_fullwidth=&#8220;off&#8220; use_custom_width=&#8220;off&#8220; width_unit=&#8220;on&#8220; make_equal=&#8220;off&#8220; use_custom_gutter=&#8220;off&#8220; gutter_width=&#8220;3&#8243; background_color=&#8220;#eeeeee&#8220;][et_pb_row admin_label=&#8220;Row&#8220;][et_pb_column type=&#8220;4_4&#8243;][et_pb_text admin_label=&#8220;Ziel&#8220; background_layout=&#8220;light&#8220; text_orientation=&#8220;left&#8220; text_font_size=&#8220;14&#8243; use_border_color=&#8220;off&#8220; border_color=&#8220;#ffffff&#8220; border_style=&#8220;solid&#8220;]<\/p>\n<h2>Ziel<\/h2>\n<p>Das Tunnel-Risikoanalysemodell soll eine Methode zur quantitativen Analyse und Bewertung von potentiellen Gef\u00e4hrdungen in Stra\u00dfentunneln und deren Auswirkungen auf die Tunnelnutzer liefern. Neben gesetzlichen Vorgaben und Anforderungen aus Richtlinien stellt das Tunnel-Risikoanalysemodell ein zus\u00e4tzliches Werkzeug zur Gew\u00e4hrleistung der entsprechenden Tunnelsicherheit gem\u00e4\u00df den jeweiligen Anforderungen dar. Dieses soll dar\u00fcber hinaus dazu beitragen, Investitionen f\u00fcr Tunnelsicherheit m\u00f6glichst kostenwirksam einzusetzen. Das Tunnel-Risikoanalysemodell bietet die M\u00f6glichkeit, nahezu alle ma\u00dfgeblichen Einflussfaktoren auf die Tunnelsicherheit in quantitativer Form zu erfassen und zu bewerten, sofern die n\u00f6tigen Eingabedaten zur Verf\u00fcgung stehen.<\/p>\n<p>Die gegenst\u00e4ndliche Methode ist ein systembasiertes Tunnel-Risikoanalysenmodell, das f\u00fcr die gesamthafte Bewertung der allgemeinen Sicherheit von Stra\u00dfentunneln entwickelt wurde. Es eignet sich hervorragend f\u00fcr quantitative Risikovergleiche.<\/p>\n<p>[\/et_pb_text][\/et_pb_column][\/et_pb_row][\/et_pb_section]<\/p>\n","protected":false},"excerpt":{"rendered":"<p>Hintergrund &amp; Ziel Nach den schweren Tunnelunf\u00e4llen in den Jahren 1999 und 2001 widmeten sich viele Beh\u00f6rden immer mehr der Diskussion und Kl\u00e4rung von Standards f\u00fcr Stra\u00dfentunnel. Aus diesem Diskussionsprozess ging zun\u00e4chst die Entwicklung und im April 2004 schlie\u00dflich die Ver\u00f6ffentlichung der EU-Richtlinie 2004\/54\/EG \u00fcber die Mindestanforderungen an die Sicherheit von Stra\u00dfentunneln hervor. Neben Sicherheitsma\u00dfnahmen [&hellip;]<\/p>\n","protected":false},"author":1,"featured_media":0,"parent":161,"menu_order":1,"comment_status":"closed","ping_status":"closed","template":"","meta":{"_et_pb_use_builder":"on","_et_pb_old_content":"","_et_gb_content_width":"","footnotes":""},"class_list":["post-503","page","type-page","status-publish","hentry"],"_links":{"self":[{"href":"https:\/\/www.tunnelriskmodel.at\/de\/wp-json\/wp\/v2\/pages\/503","targetHints":{"allow":["GET"]}}],"collection":[{"href":"https:\/\/www.tunnelriskmodel.at\/de\/wp-json\/wp\/v2\/pages"}],"about":[{"href":"https:\/\/www.tunnelriskmodel.at\/de\/wp-json\/wp\/v2\/types\/page"}],"author":[{"embeddable":true,"href":"https:\/\/www.tunnelriskmodel.at\/de\/wp-json\/wp\/v2\/users\/1"}],"replies":[{"embeddable":true,"href":"https:\/\/www.tunnelriskmodel.at\/de\/wp-json\/wp\/v2\/comments?post=503"}],"version-history":[{"count":3,"href":"https:\/\/www.tunnelriskmodel.at\/de\/wp-json\/wp\/v2\/pages\/503\/revisions"}],"predecessor-version":[{"id":768,"href":"https:\/\/www.tunnelriskmodel.at\/de\/wp-json\/wp\/v2\/pages\/503\/revisions\/768"}],"up":[{"embeddable":true,"href":"https:\/\/www.tunnelriskmodel.at\/de\/wp-json\/wp\/v2\/pages\/161"}],"wp:attachment":[{"href":"https:\/\/www.tunnelriskmodel.at\/de\/wp-json\/wp\/v2\/media?parent=503"}],"curies":[{"name":"wp","href":"https:\/\/api.w.org\/{rel}","templated":true}]}}