{"id":510,"date":"2016-02-15T23:17:17","date_gmt":"2016-02-15T22:17:17","guid":{"rendered":"https:\/\/www.tunnelriskmodel.at\/de\/?page_id=510"},"modified":"2016-02-15T23:39:13","modified_gmt":"2016-02-15T22:39:13","slug":"analysen","status":"publish","type":"page","link":"https:\/\/www.tunnelriskmodel.at\/de\/ueber-turismo\/analysen\/","title":{"rendered":"Analysen"},"content":{"rendered":"<p>[et_pb_section admin_label=&#8220;section&#8220; background_image=&#8220;https:\/\/www.tunnelriskmodel.at\/wp-content\/uploads\/2015\/10\/stripe_bottom_grey.png&#8220; transparent_background=&#8220;off&#8220; background_color=&#8220;#e66a1f&#8220; allow_player_pause=&#8220;off&#8220; inner_shadow=&#8220;off&#8220; parallax=&#8220;off&#8220; parallax_method=&#8220;off&#8220; custom_padding=&#8220;20px|20px&#8220; padding_mobile=&#8220;on&#8220; make_fullwidth=&#8220;off&#8220; use_custom_width=&#8220;off&#8220; width_unit=&#8220;on&#8220; make_equal=&#8220;off&#8220; use_custom_gutter=&#8220;off&#8220; custom_css_main_element=&#8220;-moz-background-size: 100%;||-webkit-background-size: 100%;||background-size: 100%;||background-position: center bottom;&#8220; gutter_width=&#8220;3&#8243;][et_pb_row admin_label=&#8220;row&#8220;][et_pb_column type=&#8220;4_4&#8243;][et_pb_text admin_label=&#8220;Genereller Aufbau&#8220; background_layout=&#8220;dark&#8220; text_orientation=&#8220;left&#8220; use_border_color=&#8220;off&#8220; border_color=&#8220;#ffffff&#8220; border_style=&#8220;solid&#8220; text_font_size=&#8220;14&#8243;]<\/p>\n<h1>Genereller Aufbau<\/h1>\n<h4>H\u00e4ufigkeitsanalyse und Schadensausma\u00dfanalyse<\/h4>\n<p>[\/et_pb_text][\/et_pb_column][\/et_pb_row][\/et_pb_section][et_pb_section admin_label=&#8220;section&#8220; transparent_background=&#8220;off&#8220; background_color=&#8220;#eeeeee&#8220; allow_player_pause=&#8220;off&#8220; inner_shadow=&#8220;off&#8220; parallax=&#8220;off&#8220; parallax_method=&#8220;off&#8220; padding_mobile=&#8220;on&#8220; make_fullwidth=&#8220;off&#8220; use_custom_width=&#8220;off&#8220; width_unit=&#8220;on&#8220; make_equal=&#8220;off&#8220; use_custom_gutter=&#8220;off&#8220; gutter_width=&#8220;3&#8243; custom_padding=&#8220;30px||30px|&#8220;][et_pb_row admin_label=&#8220;row&#8220;][et_pb_column type=&#8220;1_3&#8243;][et_pb_text admin_label=&#8220;In der Schadensausma\u00dfanalyse&#8220; background_layout=&#8220;light&#8220; text_orientation=&#8220;left&#8220; text_font_size=&#8220;14&#8243; use_border_color=&#8220;off&#8220; border_color=&#8220;#ffffff&#8220; border_style=&#8220;solid&#8220;]<\/p>\n<p>Das Tunnel-Risikoanalysemodell dient der Analyse des Risikos f\u00fcr Tunnelnutzer, d. h der Bestimmung des statistischen Erwartungswertes f\u00fcr das Risiko der Personengruppe \u201eTunnelnutzer\u201c (statistisch zu erwartende Tote\/Jahr). Die einzelnen Risikoanteile infolge mechanischer Schadenswirkungen, Brandwirkungen und Gefahrgutwirkungen k\u00f6nnen getrennt dargestellt werden.<\/p>\n<p>Die Methodik besteht aus folgenden zwei Kernelementen:<\/p>\n<p><a href=\"https:\/\/www.tunnelriskmodel.at\/de\/ueber-turismo\/analysen\/#haufigkeit\" style=\"font-weight: bold;\"><span style=\"font-family: 'etmodules' !important; margin-right: 5px;\">;<\/span> Einer quantitativen H\u00e4ufigkeitsanalyse<\/a><br \/>\n(Ereignisbaumanalyse)<\/p>\n<p><a href=\"https:\/\/www.tunnelriskmodel.at\/de\/ueber-turismo\/analysen\/#schadensausmass\" style=\"font-weight: bold;\"><span style=\"font-family: 'etmodules' !important; margin-right: 5px;\">;<\/span> Einer quantitativen Schadensausma\u00dfanalyse<\/a><br \/>\n(statistischer Ansatz und Simulationen)<\/p>\n<p>[\/et_pb_text][\/et_pb_column][et_pb_column type=&#8220;2_3&#8243;][et_pb_image admin_label=&#8220;Genereller Aufbau&#8220; src=&#8220;https:\/\/www.tunnelriskmodel.at\/wp-content\/uploads\/2016\/02\/genereller_aufbau.png&#8220; show_in_lightbox=&#8220;on&#8220; url_new_window=&#8220;off&#8220; animation=&#8220;off&#8220; sticky=&#8220;off&#8220; align=&#8220;left&#8220; force_fullwidth=&#8220;off&#8220; always_center_on_mobile=&#8220;on&#8220; use_border_color=&#8220;off&#8220; border_color=&#8220;#ffffff&#8220; border_style=&#8220;solid&#8220; alt=&#8220;Genereller Aufbau&#8220;]<\/p>\n<p>\n&nbsp;<\/p>\n<p>[\/et_pb_image][et_pb_text admin_label=&#8220;Durch Multiplikation der H\u00e4ufigkeit&#8220; background_layout=&#8220;light&#8220; text_orientation=&#8220;left&#8220; text_font_size=&#8220;14&#8243; use_border_color=&#8220;off&#8220; border_color=&#8220;#ffffff&#8220; border_style=&#8220;solid&#8220;]<\/p>\n<p>Durch Multiplikation der H\u00e4ufigkeit der einzelnen Schadensszenarien mit den jeweils zugeh\u00f6rigen Schadensausma\u00dfwerten werden Teilrisiken (statistisch zu erwartende Todesf\u00e4lle\/Jahr je Ereignistyp) bestimmt. Durch Summenbildung \u00fcber alle Ereigniswege wird der Risikoerwartungswert (statistisch zu erwartende Todesf\u00e4lle\/Jahr) f\u00fcr die untersuchten Tunnel ermittelt.<\/p>\n<p><a href=\"https:\/\/www.tunnelriskmodel.at\/de\/ueber-turismo\/risikobewertung\" style=\"font-weight: bold;\"><span style=\"font-family: 'etmodules' !important; margin-right: 5px;\">=<\/span> \u00dcber Risikobewertung<\/a><\/p>\n<p>[\/et_pb_text][\/et_pb_column][\/et_pb_row][\/et_pb_section][et_pb_section admin_label=&#8220;Section&#8220; fullwidth=&#8220;off&#8220; specialty=&#8220;off&#8220; transparent_background=&#8220;off&#8220; allow_player_pause=&#8220;off&#8220; inner_shadow=&#8220;off&#8220; parallax=&#8220;off&#8220; parallax_method=&#8220;off&#8220; custom_padding=&#8220;30px||30px|&#8220; padding_mobile=&#8220;on&#8220; make_fullwidth=&#8220;off&#8220; use_custom_width=&#8220;off&#8220; width_unit=&#8220;on&#8220; make_equal=&#8220;off&#8220; use_custom_gutter=&#8220;off&#8220; gutter_width=&#8220;3&#8243; module_id=&#8220;haufigkeit&#8220; background_color=&#8220;#ffffff&#8220;][et_pb_row admin_label=&#8220;Row&#8220;][et_pb_column type=&#8220;4_4&#8243;][et_pb_text admin_label=&#8220;H\u00e4ufigkeitsanalyse&#8220; background_layout=&#8220;light&#8220; text_orientation=&#8220;left&#8220; text_font_size=&#8220;14&#8243; use_border_color=&#8220;off&#8220; border_color=&#8220;#ffffff&#8220; border_style=&#8220;solid&#8220; custom_margin=&#8220;||15px|&#8220;]<\/p>\n<h2>H\u00e4ufigkeitsanalyse<\/h2>\n<p>[\/et_pb_text][et_pb_divider admin_label=&#8220;Divider&#8220; color=&#8220;#cccccc&#8220; show_divider=&#8220;on&#8220; height=&#8220;5px&#8220; divider_style=&#8220;solid&#8220; divider_position=&#8220;top&#8220; divider_weight=&#8220;1&#8243; hide_on_mobile=&#8220;on&#8220;]<\/p>\n<p>\n&nbsp;<\/p>\n<p>[\/et_pb_divider][et_pb_text admin_label=&#8220;Ein Kernelement des Tunnel-Risikoanalysemodells&#8220; background_layout=&#8220;light&#8220; text_orientation=&#8220;left&#8220; text_font_size=&#8220;14&#8243; use_border_color=&#8220;off&#8220; border_color=&#8220;#ffffff&#8220; border_style=&#8220;solid&#8220;]<\/p>\n<p>Ein Kernelement des Tunnel-Risikoanalysemodells ist ein standardisierter Ereignisbaum. Mit Hilfe einer Ereignisbaumanalyse werden die H\u00e4ufigkeiten einer Reihe definierter Schadenszenarien berechnet. Ausgehend von einem Initialereignis (f\u00fcr das die H\u00e4ufigkeit bekannt ist) werden in mehreren Stufen verschiedene m\u00f6gliche Ereigniswege entwickelt, die zu unterschiedlichen Schadensszenarien f\u00fchren. Diese Schadensszenarien unterscheiden sich hinsichtlich Ereignistyp, Fahrzeugbeteiligung, Schadenswirkung usw. Mit dem Ergebnisbaum werden die Wahrscheinlichkeiten der einzelnen Schadensszenarien ermittelt, w\u00e4hrend sich aus der Schadensausma\u00dfanalyse die Schadensausma\u00dfwerte (mittlerer Schadenserwartungswert) der einzelnen Schadensszenarien ergeben.<\/p>\n<p>Faktoren, die einen Einfluss auf die H\u00e4ufigkeit einzelner Schadensszenarien haben, werden in Form von Ver\u00e4nderungen der relativen H\u00e4ufigkeiten an den Verzweigungen des Ereignisbaumes im Modell ber\u00fccksichtigt.<\/p>\n<p>[\/et_pb_text][\/et_pb_column][\/et_pb_row][et_pb_row admin_label=&#8220;Row&#8220; make_fullwidth=&#8220;off&#8220; use_custom_width=&#8220;off&#8220; width_unit=&#8220;on&#8220; use_custom_gutter=&#8220;off&#8220; gutter_width=&#8220;3&#8243; padding_mobile=&#8220;off&#8220; module_id=&#8220;schadensausmass&#8220; allow_player_pause=&#8220;off&#8220; parallax=&#8220;off&#8220; parallax_method=&#8220;off&#8220; make_equal=&#8220;off&#8220; parallax_1=&#8220;off&#8220; parallax_method_1=&#8220;off&#8220; column_padding_mobile=&#8220;on&#8220;][et_pb_column type=&#8220;4_4&#8243;][et_pb_text admin_label=&#8220;Schadensausma\u00dfanalyse&#8220; background_layout=&#8220;light&#8220; text_orientation=&#8220;left&#8220; text_font_size=&#8220;14&#8243; use_border_color=&#8220;off&#8220; border_color=&#8220;#ffffff&#8220; border_style=&#8220;solid&#8220; custom_margin=&#8220;||15px|&#8220;]<\/p>\n<h2>Schadensausma\u00dfanalyse<\/h2>\n<p>[\/et_pb_text][et_pb_divider admin_label=&#8220;Divider&#8220; color=&#8220;#cccccc&#8220; show_divider=&#8220;on&#8220; height=&#8220;5px&#8220; divider_style=&#8220;solid&#8220; divider_position=&#8220;top&#8220; divider_weight=&#8220;1&#8243; hide_on_mobile=&#8220;on&#8220;]<\/p>\n<p>\n&nbsp;<\/p>\n<p>[\/et_pb_divider][et_pb_text admin_label=&#8220;In der Schadensausma\u00dfanalyse&#8220; background_layout=&#8220;light&#8220; text_orientation=&#8220;left&#8220; text_font_size=&#8220;14&#8243; use_border_color=&#8220;off&#8220; border_color=&#8220;#ffffff&#8220; border_style=&#8220;solid&#8220;]<\/p>\n<p>In der Schadensausma\u00dfanalyse wird f\u00fcr jedes Schadensszenario das zu erwartende mittlere Schadensausma\u00df im Ereignisbaum identifiziert. Das Schadensausma\u00df muss f\u00fcr alle drei Risikoanteile berechnet werden.<\/p>\n<p>[\/et_pb_text][\/et_pb_column][\/et_pb_row][et_pb_row admin_label=&#8220;Row&#8220;][et_pb_column type=&#8220;1_3&#8243;][et_pb_text admin_label=&#8220;Mechanische Schadenswirkungen von Kollisionen&#8220; background_layout=&#8220;light&#8220; text_orientation=&#8220;left&#8220; text_font_size=&#8220;14&#8243; use_border_color=&#8220;off&#8220; border_color=&#8220;#ffffff&#8220; border_style=&#8220;solid&#8220;]<\/p>\n<h3>Mechanische Schadenswirkungen von Kollisionen<\/h3>\n<p>Die mechanischen Schadenswirkungen von Kollisionen werden auf Grundlage einer statistischen Auswertung von Tunnelunf\u00e4llen mit Personenschaden gesch\u00e4tzt. Bei der Durchf\u00fchrung einer solchen Sch\u00e4tzung werden Kollisionen in folgende Kategorien unterteilt:<\/p>\n<ul>\n<li>Verkehrsart (z.\u00a0B. Gegenverkehr, Richtungsverkehr)<\/li>\n<li>Kollisionsart (z.\u00a0B. Alleinunf\u00e4lle, Kollisionen im Richtungsverkehr, Kollisionen im Gegenverkehr)<\/li>\n<li>Fahrzeugbeteiligung (z.\u00a0B. Personenkraftwagen, Lastkraftwagen, Bus)<\/li>\n<\/ul>\n<p>[\/et_pb_text][\/et_pb_column][et_pb_column type=&#8220;1_3&#8243;][et_pb_text admin_label=&#8220;Schadenswirkungen von Br\u00e4nden&#8220; background_layout=&#8220;light&#8220; text_orientation=&#8220;left&#8220; text_font_size=&#8220;14&#8243; use_border_color=&#8220;off&#8220; border_color=&#8220;#ffffff&#8220; border_style=&#8220;solid&#8220; custom_margin=&#8220;||0px|&#8220;]<\/p>\n<h3>Schadenswirkungen von Br\u00e4nden<\/h3>\n<p>Zur Berechnung der Schadenswirkungen von Br\u00e4nden, bietet TuRisMo zwei m\u00f6gliche Anwendungsebenen:<\/p>\n<ul>\n<li>Ein detailliertes Risikoanalysemodel, bei dem die Schadensausma\u00dfwerte mit Simulationsrechnungen nach einer vorgegebenen Methode f\u00fcr einen Tunnel im Einzelfall individuell berechnet werden<\/li>\n<li>Ein Standardrisikoanalysemodell, bei dem auf im Modell vorgegebene Schadensausma\u00dfwerte zur\u00fcckgegriffen werden kann<\/li>\n<\/ul>\n<p>[\/et_pb_text][et_pb_text admin_label=&#8220;Detailliertes Modell&#8220; background_layout=&#8220;light&#8220; text_orientation=&#8220;left&#8220; text_font_size=&#8220;14&#8243; use_border_color=&#8220;off&#8220; border_color=&#8220;#ffffff&#8220; border_style=&#8220;solid&#8220; custom_margin=&#8220;0px||5px|&#8220; custom_padding=&#8220;0px||5px|&#8220;]<\/p>\n<p>\n<a href=\"https:\/\/www.tunnelriskmodel.at\/de\/ueber-turismo\/analysen\/#detailed\" class=\"fancybox-inline\" style=\"font-weight: bold;\"><span style=\"font-family: 'etmodules' !important; margin-right: 5px;\">;<\/span> Detailliertes Modell<\/a><\/p>\n<div style=\"display: none;\">\n<div id=\"detailed\" style=\"padding: 50px;\">\n<h4>Detailliertes Modell<\/h4>\n<p>Bei Br\u00e4nden werden die Schadenswirkungen mit Hilfe eines komplexen, aus mehreren Modulen bestehenden Berechnungsmodells abgesch\u00e4tzt. Das Berechnungsmodell kombiniert ein instation\u00e4res eindimensionales  und ein dreidimensionales Str\u00f6mungsmodell mit einer Evakuierungssimulation. Im eindimensionalen Str\u00f6mungsmodell werden die globalen und im dreidimensionalen Modell die lokalen Parameter und Effekte der Rauchausbreitung abgebildet. Die so ermittelten zeitabh\u00e4ngigen Temperaturverteilungen bzw. Schadstoffkonzentrationen im Tunnel werden in ein eindimensionales Evakuierungsmodell \u00fcbernommen, mit dem die Brandwirkungen auf die betroffenen Tunnelnutzer und deren Fluchtbewegungen im Zuge der Selbstrettung unter Ber\u00fccksichtigung von Fahrzeugkonstellation, Infrastrukturgegebenheiten usw. modelliert werden.<\/p>\n<\/div>\n<\/div>\n<p>[\/et_pb_text][et_pb_text admin_label=&#8220;Standardmodel&#8220; background_layout=&#8220;light&#8220; text_orientation=&#8220;left&#8220; text_font_size=&#8220;14&#8243; use_border_color=&#8220;off&#8220; border_color=&#8220;#ffffff&#8220; border_style=&#8220;solid&#8220; custom_margin=&#8220;5px|||&#8220; custom_padding=&#8220;5px|||&#8220;]<\/p>\n<p>\n<a href=\"https:\/\/www.tunnelriskmodel.at\/de\/ueber-turismo\/analysen\/#standard\" class=\"fancybox-inline\" style=\"font-weight: bold;\"><span style=\"font-family: 'etmodules' !important; margin-right: 5px;\">;<\/span> Standardmodel<\/a><\/p>\n<div style=\"display: none;\">\n<div id=\"standard\" style=\"padding: 50px;\">\n<h4>Standardmodel<\/h4>\n<p>In vielen Anwendungsf\u00e4llen (wenn der Tunnel bestimmte Voraussetzungen erf\u00fcllt) ist jedoch keine detaillierte Risikoanalyse erforderlich. F\u00fcr diese F\u00e4lle wurde ein Standardrisikoanalysemodell entwickelt, das es erm\u00f6glicht, f\u00fcr eine Bandbreite definierter Modelltunnel vorberechnete Schadensausma\u00dfwerte f\u00fcr Brand in den Ereignisbaum einzusetzen.<\/p>\n<p>Die Berechnung der zu verwendenden Modellwerte erfolgte im Zuge der Modellentwicklung, wobei f\u00fcr die Ermittlung der Schadensausma\u00dfwerte \u201eBrand bei RV-Tunneln\u201c der oben beschriebene Modellansatz verwendet wurde, w\u00e4hrend bei GV-Tunneln ein eindimensionales Rauchausbreitungsmodell eingesetzt wurde. F\u00fcr diese Berechnungen wurden standardisierte Parameter verwendet, wobei die wichtigsten Einflussfaktoren wie L\u00fcftungssystem, Tunnell\u00e4nge, L\u00e4ngsneigung, Tunnelquerschnitt und Fluchtwegl\u00e4nge im Rahmen einer in der Praxis h\u00e4ufig vorkommenden Bandbreite variiert wurden.<\/p>\n<p>Die berechneten Schadensausma\u00dfwerte f\u00fcr Brand haben daher nur f\u00fcr eine bestimmte Bandbreite an Tunnelparametern G\u00fcltigkeit. Im Einzelfall kann jedoch auch die Standardversion des Risikoanalysemodells f\u00fcr eine spezifische, erweiterte Anwendung adaptiert werden, sofern daf\u00fcr geeignete Grundlagen vorliegen.<\/p>\n<\/div>\n<\/div>\n<p>[\/et_pb_text][\/et_pb_column][et_pb_column type=&#8220;1_3&#8243;][et_pb_text admin_label=&#8220;Schadenswirkungen von Unf\u00e4llen mit Gefahrgutbeteiligung&#8220; background_layout=&#8220;light&#8220; text_orientation=&#8220;left&#8220; text_font_size=&#8220;14&#8243; use_border_color=&#8220;off&#8220; border_color=&#8220;#ffffff&#8220; border_style=&#8220;solid&#8220;]<\/p>\n<h3>Schadenswirkungen von Unf\u00e4llen mit Gefahrgutbeteiligung<\/h3>\n<p>Schadensereignisse mit Gefahrgutbeteiligung werden mit einem grob vereinfachten Ansatz\u00a0\u2013 basierend auf der Ermittlung des Brandrisikos \u2013 im Modell ber\u00fccksichtigt. F\u00fcr eine spezifische Untersuchung der Risiken von Gefahrguttransporten im Tunnel ist die RVS\u00a009.03.12 anzuwenden.<\/p>\n<p>Ein eigener und viel detaillierterer Ansatz zur Bewertung von Gefahrgut nach dem europ\u00e4ischen \u00dcbereinkommen \u00fcber die internationale Bef\u00f6rderung gef\u00e4hrlicher G\u00fcter auf der Stra\u00dfe (allgemein bekannt als ADR) wird unter \u201eGefahrgut\u201c beschrieben.<\/p>\n<p>[\/et_pb_text][\/et_pb_column][\/et_pb_row][\/et_pb_section]<\/p>\n","protected":false},"excerpt":{"rendered":"<p>Genereller Aufbau H\u00e4ufigkeitsanalyse und Schadensausma\u00dfanalyse Das Tunnel-Risikoanalysemodell dient der Analyse des Risikos f\u00fcr Tunnelnutzer, d. h der Bestimmung des statistischen Erwartungswertes f\u00fcr das Risiko der Personengruppe \u201eTunnelnutzer\u201c (statistisch zu erwartende Tote\/Jahr). Die einzelnen Risikoanteile infolge mechanischer Schadenswirkungen, Brandwirkungen und Gefahrgutwirkungen k\u00f6nnen getrennt dargestellt werden. Die Methodik besteht aus folgenden zwei Kernelementen: ; Einer quantitativen H\u00e4ufigkeitsanalyse [&hellip;]<\/p>\n","protected":false},"author":1,"featured_media":0,"parent":161,"menu_order":2,"comment_status":"closed","ping_status":"closed","template":"","meta":{"_et_pb_use_builder":"on","_et_pb_old_content":"","_et_gb_content_width":"","footnotes":""},"class_list":["post-510","page","type-page","status-publish","hentry"],"_links":{"self":[{"href":"https:\/\/www.tunnelriskmodel.at\/de\/wp-json\/wp\/v2\/pages\/510","targetHints":{"allow":["GET"]}}],"collection":[{"href":"https:\/\/www.tunnelriskmodel.at\/de\/wp-json\/wp\/v2\/pages"}],"about":[{"href":"https:\/\/www.tunnelriskmodel.at\/de\/wp-json\/wp\/v2\/types\/page"}],"author":[{"embeddable":true,"href":"https:\/\/www.tunnelriskmodel.at\/de\/wp-json\/wp\/v2\/users\/1"}],"replies":[{"embeddable":true,"href":"https:\/\/www.tunnelriskmodel.at\/de\/wp-json\/wp\/v2\/comments?post=510"}],"version-history":[{"count":2,"href":"https:\/\/www.tunnelriskmodel.at\/de\/wp-json\/wp\/v2\/pages\/510\/revisions"}],"predecessor-version":[{"id":513,"href":"https:\/\/www.tunnelriskmodel.at\/de\/wp-json\/wp\/v2\/pages\/510\/revisions\/513"}],"up":[{"embeddable":true,"href":"https:\/\/www.tunnelriskmodel.at\/de\/wp-json\/wp\/v2\/pages\/161"}],"wp:attachment":[{"href":"https:\/\/www.tunnelriskmodel.at\/de\/wp-json\/wp\/v2\/media?parent=510"}],"curies":[{"name":"wp","href":"https:\/\/api.w.org\/{rel}","templated":true}]}}