{"id":515,"date":"2016-02-15T23:59:31","date_gmt":"2016-02-15T22:59:31","guid":{"rendered":"https:\/\/www.tunnelriskmodel.at\/de\/?page_id=515"},"modified":"2016-02-15T23:59:31","modified_gmt":"2016-02-15T22:59:31","slug":"risikobewertung","status":"publish","type":"page","link":"https:\/\/www.tunnelriskmodel.at\/de\/ueber-turismo\/risikobewertung\/","title":{"rendered":"Risikobewertung"},"content":{"rendered":"<p>[et_pb_section admin_label=&#8220;section&#8220; background_image=&#8220;https:\/\/www.tunnelriskmodel.at\/wp-content\/uploads\/2015\/10\/stripe_bottom.jpg&#8220; transparent_background=&#8220;off&#8220; background_color=&#8220;#e66a1f&#8220; allow_player_pause=&#8220;off&#8220; inner_shadow=&#8220;off&#8220; parallax=&#8220;off&#8220; parallax_method=&#8220;off&#8220; custom_padding=&#8220;20px|20px&#8220; padding_mobile=&#8220;on&#8220; make_fullwidth=&#8220;off&#8220; use_custom_width=&#8220;off&#8220; width_unit=&#8220;on&#8220; make_equal=&#8220;off&#8220; use_custom_gutter=&#8220;off&#8220; custom_css_main_element=&#8220;-moz-background-size: 100%;||-webkit-background-size: 100%;||background-size: 100%;||background-position: center bottom;&#8220; gutter_width=&#8220;3&#8243;][et_pb_row admin_label=&#8220;row&#8220;][et_pb_column type=&#8220;4_4&#8243;][et_pb_text admin_label=&#8220;Risikobewertung&#8220; background_layout=&#8220;dark&#8220; text_orientation=&#8220;left&#8220; use_border_color=&#8220;off&#8220; border_color=&#8220;#ffffff&#8220; border_style=&#8220;solid&#8220; text_font_size=&#8220;14&#8243;]<\/p>\n<h1>Risikobewertung<\/h1>\n<p>Es gibt zwei unterschiedliche Verfahren zur Tunnelrisikobewertung<\/p>\n<p>[\/et_pb_text][\/et_pb_column][\/et_pb_row][\/et_pb_section][et_pb_section admin_label=&#8220;Section&#8220; fullwidth=&#8220;off&#8220; specialty=&#8220;off&#8220; transparent_background=&#8220;off&#8220; allow_player_pause=&#8220;off&#8220; inner_shadow=&#8220;off&#8220; parallax=&#8220;off&#8220; parallax_method=&#8220;off&#8220; custom_padding=&#8220;30px||30px|&#8220; padding_mobile=&#8220;off&#8220; make_fullwidth=&#8220;off&#8220; use_custom_width=&#8220;off&#8220; width_unit=&#8220;on&#8220; make_equal=&#8220;off&#8220; use_custom_gutter=&#8220;off&#8220; gutter_width=&#8220;3&#8243;][et_pb_row admin_label=&#8220;Row&#8220;][et_pb_column type=&#8220;1_2&#8243;][et_pb_text admin_label=&#8220;Relativer Bewertungsansatz&#8220; background_layout=&#8220;light&#8220; text_orientation=&#8220;left&#8220; text_font_size=&#8220;14&#8243; use_border_color=&#8220;off&#8220; border_color=&#8220;#ffffff&#8220; border_style=&#8220;solid&#8220;]<\/p>\n<h2>Relativer Bewertungsansatz<\/h2>\n<p><strong>Nachweis der Einhaltung des geforderten Sicherheitsniveaus durch Relativvergleich mit einem Referenztunnel<\/strong><\/p>\n<p>Die Risikobewertung mittels Relativvergleich erfordert die Ermittlung eines Referenzrisikoprofils f\u00fcr einen vergleichbaren Referenztunnel. Dieser Referenztunnel muss den Mindestsicherheitsanforderungen gem\u00e4\u00df STSG vollst\u00e4ndig entsprechen und daher ein akzeptables Risikoniveau aufweisen.<\/p>\n<p>Das Mindestsicherheitsniveau gilt als gegeben, wenn das Risiko des untersuchten Tunnels das Risiko des Referenztunnels erreicht bzw. unterschreitet. Erf\u00fcllt der Tunnel die Mindestsicherheitsanforderungen gem\u00e4\u00df STSG nicht, so sind zus\u00e4tzliche risikomindernde Ma\u00dfnahmen erforderlich.<\/p>\n<p>[\/et_pb_text][et_pb_text admin_label=&#8220;Risikowert&#8220; background_layout=&#8220;light&#8220; text_orientation=&#8220;left&#8220; text_font_size=&#8220;14&#8243; use_border_color=&#8220;off&#8220; border_color=&#8220;#ffffff&#8220; border_style=&#8220;solid&#8220; custom_margin=&#8220;30px|2%||&#8220; custom_css_main_element=&#8220;float: left;||width: 68%;&#8220;]<\/p>\n<p>Risikowert des untersuchten Tunnels mit besonderer Charakteristik<\/p>\n<p>Risiko des Referenztunnels der die Mindestsicherheitsanforderungen erf\u00fcllt<\/p>\n<p>Modifizierter Risikowert des untersuchten Tunnels (mit zus\u00e4tzlichen risikomindernden Ma\u00dfnahmen)<\/p>\n<p>[\/et_pb_text][et_pb_image admin_label=&#8220;Image&#8220; src=&#8220;https:\/\/www.tunnelriskmodel.at\/wp-content\/uploads\/2016\/02\/relativer_bewertungsansatz.png&#8220; show_in_lightbox=&#8220;off&#8220; url_new_window=&#8220;off&#8220; animation=&#8220;off&#8220; sticky=&#8220;off&#8220; align=&#8220;left&#8220; force_fullwidth=&#8220;off&#8220; always_center_on_mobile=&#8220;on&#8220; use_border_color=&#8220;off&#8220; border_color=&#8220;#ffffff&#8220; border_style=&#8220;solid&#8220; custom_margin=&#8220;||10px|&#8220; custom_css_main_element=&#8220;float: right;||width: 30%;&#8220;]<\/p>\n<p><\/p>\n<p>[\/et_pb_image][et_pb_text admin_label=&#8220;Mindestsicherheitsniveau&#8220; background_layout=&#8220;light&#8220; text_orientation=&#8220;right&#8220; text_font_size=&#8220;14&#8243; use_border_color=&#8220;off&#8220; border_color=&#8220;#ffffff&#8220; border_style=&#8220;solid&#8220; custom_css_main_element=&#8220;clear: both;&#8220;]<\/p>\n<p><strong>Mindestsicherheits-<br \/>\nniveau<\/strong><\/p>\n<p>[\/et_pb_text][et_pb_divider admin_label=&#8220;Divider&#8220; color=&#8220;#ffffff&#8220; show_divider=&#8220;off&#8220; divider_style=&#8220;solid&#8220; divider_position=&#8220;top&#8220; divider_weight=&#8220;1&#8243; hide_on_mobile=&#8220;on&#8220;]<\/p>\n<p>[\/et_pb_divider][\/et_pb_column][et_pb_column type=&#8220;1_2&#8243;][et_pb_text admin_label=&#8220;Absoluter Bewertungsansatz&#8220; background_layout=&#8220;light&#8220; text_orientation=&#8220;left&#8220; text_font_size=&#8220;14&#8243; use_border_color=&#8220;off&#8220; border_color=&#8220;#ffffff&#8220; border_style=&#8220;solid&#8220;]<\/p>\n<h2>Absoluter Bewertungsansatz<\/h2>\n<p><strong>Festlegung des richtlinienbezogenen Ausstattungsniveaus durch Einstufung des Tunnels in eine Gef\u00e4hrdungsklasse anhand des Absolutwertes des Risikos<\/strong><\/p>\n<p>Beim absoluten Bewertungsansatz wird der untersuchte Tunnel entsprechend dem erwarteten Risikowert in eine von vier Gef\u00e4hrdungsklassen eingestuft. Die Gef\u00e4hrdungsklasse legt fest, welches Ausstattungsniveau anzuwenden ist.<\/p>\n<p>[\/et_pb_text][et_pb_image admin_label=&#8220;Image&#8220; src=&#8220;https:\/\/www.tunnelriskmodel.at\/wp-content\/uploads\/2016\/02\/wa_diagramm.png&#8220; show_in_lightbox=&#8220;on&#8220; url_new_window=&#8220;off&#8220; animation=&#8220;off&#8220; sticky=&#8220;on&#8220; align=&#8220;left&#8220; force_fullwidth=&#8220;off&#8220; always_center_on_mobile=&#8220;on&#8220; use_border_color=&#8220;off&#8220; border_color=&#8220;#ffffff&#8220; border_style=&#8220;solid&#8220; alt=&#8220;WA-Diagramm&#8220;]<\/p>\n<p><\/p>\n<p>[\/et_pb_image][\/et_pb_column][\/et_pb_row][\/et_pb_section][et_pb_section admin_label=&#8220;Section&#8220; fullwidth=&#8220;off&#8220; specialty=&#8220;off&#8220; transparent_background=&#8220;off&#8220; background_color=&#8220;#eeeeee&#8220; allow_player_pause=&#8220;off&#8220; inner_shadow=&#8220;off&#8220; parallax=&#8220;off&#8220; parallax_method=&#8220;off&#8220; custom_padding=&#8220;30px||30px|&#8220; padding_mobile=&#8220;off&#8220; make_fullwidth=&#8220;off&#8220; use_custom_width=&#8220;off&#8220; width_unit=&#8220;on&#8220; make_equal=&#8220;off&#8220; use_custom_gutter=&#8220;off&#8220; gutter_width=&#8220;3&#8243;][et_pb_row admin_label=&#8220;Row&#8220;][et_pb_column type=&#8220;4_4&#8243;][et_pb_text admin_label=&#8220;Ma\u00dfnahmenbewertung&#8220; background_layout=&#8220;light&#8220; text_orientation=&#8220;left&#8220; text_font_size=&#8220;14&#8243; use_border_color=&#8220;off&#8220; border_color=&#8220;#ffffff&#8220; border_style=&#8220;solid&#8220;]<\/p>\n<h2>Ma\u00dfnahmenbewertung<\/h2>\n<p>[\/et_pb_text][et_pb_divider admin_label=&#8220;Divider&#8220; color=&#8220;#bbbbbb&#8220; show_divider=&#8220;on&#8220; height=&#8220;5px&#8220; divider_style=&#8220;solid&#8220; divider_position=&#8220;top&#8220; divider_weight=&#8220;1&#8243; hide_on_mobile=&#8220;off&#8220;]<\/p>\n<p><\/p>\n<p>[\/et_pb_divider][et_pb_text admin_label=&#8220;Additional measures are required&#8220; background_layout=&#8220;light&#8220; text_orientation=&#8220;left&#8220; text_font_size=&#8220;14&#8243; use_border_color=&#8220;off&#8220; border_color=&#8220;#ffffff&#8220; border_style=&#8220;solid&#8220;]<\/p>\n<p>Zus\u00e4tzliche Ma\u00dfnahmen sind dann erforderlich, wenn das Mindestsicherheitsniveau nicht eingehalten werden kann. Als Zusatzma\u00dfnahmen kommen verkehrliche, betriebliche, bauliche oder ausr\u00fcstungstechnische Ma\u00dfnahmen oder Ma\u00dfnahmenkombinationen in Frage.<\/p>\n<p>Die risikomindernde Wirksamkeit der gew\u00e4hlten Ma\u00dfnahmen ist mittels Risikoanalysemodell quantitativ zu bewerten, wobei Ma\u00dfnahmenkombinationen gemeinsam im Risikoanalysemodell abzubilden sind (aufgrund der wechselseitigen Beeinflussung der Wirksamkeit von kombinierten Ma\u00dfnahmen). Wenn eine quantitative Bewertung einzelner Ma\u00dfnahmen nicht m\u00f6glich ist, ist die Wirksamkeit qualitativ darzustellen. Bei geringf\u00fcgiger \u00dcberschreitung des Risikoreferenzwertes kann auch eine qualitative Darstellung der Wirksamkeit einer geeigneten Ma\u00dfnahme als Kompensation angerechnet werden.<\/p>\n<p>Risikomindernde Ma\u00dfnahmen sollen nach M\u00f6glichkeit in jenen Bereichen gesetzt werden, in denen die Risikoanalyse Probleme aufgezeigt hat (z.\u00a0B. Ma\u00dfnahmen zur Reduzierung des Brandrisikos bei hohem Brandrisiko). Bei der Auswahl der geeigneten risikomindernden Ma\u00dfnahmen k\u00f6nnen Kosten-Wirksamkeits\u00fcberlegungen nach dem ALARP-Prinzip (As Low As Reasonably Practicable) angewendet werden (Vermeidung unverh\u00e4ltnism\u00e4\u00dfig hoher Kosten im Vergleich zum erzielbaren Nutzen).<\/p>\n<p>[\/et_pb_text][\/et_pb_column][\/et_pb_row][\/et_pb_section]<\/p>\n","protected":false},"excerpt":{"rendered":"<p>Risikobewertung Es gibt zwei unterschiedliche Verfahren zur Tunnelrisikobewertung Relativer Bewertungsansatz Nachweis der Einhaltung des geforderten Sicherheitsniveaus durch Relativvergleich mit einem Referenztunnel Die Risikobewertung mittels Relativvergleich erfordert die Ermittlung eines Referenzrisikoprofils f\u00fcr einen vergleichbaren Referenztunnel. Dieser Referenztunnel muss den Mindestsicherheitsanforderungen gem\u00e4\u00df STSG vollst\u00e4ndig entsprechen und daher ein akzeptables Risikoniveau aufweisen. Das Mindestsicherheitsniveau gilt als gegeben, wenn [&hellip;]<\/p>\n","protected":false},"author":1,"featured_media":0,"parent":161,"menu_order":3,"comment_status":"closed","ping_status":"closed","template":"","meta":{"_et_pb_use_builder":"on","_et_pb_old_content":"","_et_gb_content_width":"","footnotes":""},"class_list":["post-515","page","type-page","status-publish","hentry"],"_links":{"self":[{"href":"https:\/\/www.tunnelriskmodel.at\/de\/wp-json\/wp\/v2\/pages\/515","targetHints":{"allow":["GET"]}}],"collection":[{"href":"https:\/\/www.tunnelriskmodel.at\/de\/wp-json\/wp\/v2\/pages"}],"about":[{"href":"https:\/\/www.tunnelriskmodel.at\/de\/wp-json\/wp\/v2\/types\/page"}],"author":[{"embeddable":true,"href":"https:\/\/www.tunnelriskmodel.at\/de\/wp-json\/wp\/v2\/users\/1"}],"replies":[{"embeddable":true,"href":"https:\/\/www.tunnelriskmodel.at\/de\/wp-json\/wp\/v2\/comments?post=515"}],"version-history":[{"count":10,"href":"https:\/\/www.tunnelriskmodel.at\/de\/wp-json\/wp\/v2\/pages\/515\/revisions"}],"predecessor-version":[{"id":527,"href":"https:\/\/www.tunnelriskmodel.at\/de\/wp-json\/wp\/v2\/pages\/515\/revisions\/527"}],"up":[{"embeddable":true,"href":"https:\/\/www.tunnelriskmodel.at\/de\/wp-json\/wp\/v2\/pages\/161"}],"wp:attachment":[{"href":"https:\/\/www.tunnelriskmodel.at\/de\/wp-json\/wp\/v2\/media?parent=515"}],"curies":[{"name":"wp","href":"https:\/\/api.w.org\/{rel}","templated":true}]}}