{"id":529,"date":"2016-02-16T00:14:43","date_gmt":"2016-02-15T23:14:43","guid":{"rendered":"https:\/\/www.tunnelriskmodel.at\/de\/?page_id=529"},"modified":"2016-02-16T00:14:43","modified_gmt":"2016-02-15T23:14:43","slug":"gefahrgut","status":"publish","type":"page","link":"https:\/\/www.tunnelriskmodel.at\/de\/ueber-turismo\/gefahrgut\/","title":{"rendered":"Gefahrgut"},"content":{"rendered":"<p>[et_pb_section admin_label=&#8220;section&#8220; background_image=&#8220;https:\/\/www.tunnelriskmodel.at\/wp-content\/uploads\/2015\/10\/stripe_bottom_grey.png&#8220; transparent_background=&#8220;off&#8220; background_color=&#8220;#e66a1f&#8220; allow_player_pause=&#8220;off&#8220; inner_shadow=&#8220;off&#8220; parallax=&#8220;off&#8220; parallax_method=&#8220;off&#8220; custom_padding=&#8220;20px|20px&#8220; padding_mobile=&#8220;on&#8220; make_fullwidth=&#8220;off&#8220; use_custom_width=&#8220;off&#8220; width_unit=&#8220;on&#8220; make_equal=&#8220;off&#8220; use_custom_gutter=&#8220;off&#8220; custom_css_main_element=&#8220;-moz-background-size: 100%;||-webkit-background-size: 100%;||background-size: 100%;||background-position: center bottom;&#8220; gutter_width=&#8220;3&#8243;][et_pb_row admin_label=&#8220;row&#8220;][et_pb_column type=&#8220;4_4&#8243;][et_pb_text admin_label=&#8220;Gefahrgut&#8220; background_layout=&#8220;dark&#8220; text_orientation=&#8220;left&#8220; use_border_color=&#8220;off&#8220; border_color=&#8220;#ffffff&#8220; border_style=&#8220;solid&#8220; text_font_size=&#8220;14&#8243;]<\/p>\n<h1>Gefahrgut<\/h1>\n<p>[\/et_pb_text][\/et_pb_column][\/et_pb_row][\/et_pb_section][et_pb_section admin_label=&#8220;section&#8220; transparent_background=&#8220;off&#8220; background_color=&#8220;#eeeeee&#8220; allow_player_pause=&#8220;off&#8220; inner_shadow=&#8220;off&#8220; parallax=&#8220;off&#8220; parallax_method=&#8220;off&#8220; custom_padding=&#8220;30px||30px|&#8220; padding_mobile=&#8220;on&#8220; make_fullwidth=&#8220;off&#8220; use_custom_width=&#8220;off&#8220; width_unit=&#8220;on&#8220; make_equal=&#8220;off&#8220; use_custom_gutter=&#8220;off&#8220; gutter_width=&#8220;3&#8243;][et_pb_row admin_label=&#8220;row&#8220;][et_pb_column type=&#8220;4_4&#8243;][et_pb_text admin_label=&#8220;Im Zuge der Fortschreibung&#8220; background_layout=&#8220;light&#8220; text_orientation=&#8220;left&#8220; text_font_size=&#8220;14&#8243; use_border_color=&#8220;off&#8220; border_color=&#8220;#ffffff&#8220; border_style=&#8220;solid&#8220;]<\/p>\n<p>Im Zuge der Fortschreibung des europ\u00e4ischen \u00dcbereinkommens \u00fcber die internationale Bef\u00f6rderung gef\u00e4hrlicher G\u00fcter auf der Stra\u00dfe (allgemein bekannt als ADR) im Jahr 2007 wurden s\u00e4mtlichen gef\u00e4hrlichen Substanzen entsprechend ihres Schadenspotentials, ihres Umfangs (Masse) und Bef\u00f6rderungstyps Tunnelbeschr\u00e4nkungscodes zugewiesen. Diese Codes dienen als Grundlage f\u00fcr eine einheitliche europ\u00e4ische Regelung der Bef\u00f6rderung gef\u00e4hrlicher G\u00fcter durch Tunnel. Um Beschr\u00e4nkungen der Bef\u00f6rderung gef\u00e4hrlicher G\u00fcter durch Tunnel entsprechend umzusetzen, muss seitens der nationalen Beh\u00f6rden eine Einteilung der Tunnel in Kategorien gem\u00e4\u00df ADR erfolgen.<\/p>\n<p>[\/et_pb_text][\/et_pb_column][\/et_pb_row][\/et_pb_section][et_pb_section admin_label=&#8220;Section&#8220; fullwidth=&#8220;off&#8220; specialty=&#8220;off&#8220; transparent_background=&#8220;off&#8220; allow_player_pause=&#8220;off&#8220; inner_shadow=&#8220;off&#8220; parallax=&#8220;off&#8220; parallax_method=&#8220;off&#8220; custom_padding=&#8220;30px||30px|&#8220; padding_mobile=&#8220;on&#8220; make_fullwidth=&#8220;off&#8220; use_custom_width=&#8220;off&#8220; width_unit=&#8220;on&#8220; make_equal=&#8220;off&#8220; use_custom_gutter=&#8220;off&#8220; gutter_width=&#8220;3&#8243;][et_pb_row admin_label=&#8220;Row&#8220;][et_pb_column type=&#8220;4_4&#8243;][et_pb_text admin_label=&#8220;Tabele&#8220; background_layout=&#8220;light&#8220; text_orientation=&#8220;left&#8220; module_class=&#8220;dg_table&#8220; text_font_size=&#8220;14&#8243; use_border_color=&#8220;off&#8220; border_color=&#8220;#ffffff&#8220; border_style=&#8220;solid&#8220;]<\/p>\n<table>\n<tbody>\n<tr>\n<th>Tunnelkategorien<\/th>\n<th>Beschr\u00e4nkungen<\/th>\n<th>Verkehrszeichen<\/th>\n<th>Symbol<\/th>\n<\/tr>\n<tr>\n<td>Kategorie A<\/td>\n<td>Keine Beschr\u00e4nkungen<\/td>\n<td>Keine Verkehrszeichen<\/td>\n<td>\u2013<\/td>\n<\/tr>\n<tr>\n<td>Kategorie B<\/td>\n<td>Beschr\u00e4nkungen f\u00fcr Ladungen mit dem Risiko einer <strong>sehr gro\u00dfen Explosion<\/strong><\/td>\n<td>Fahrverbot mit Schild Buchstabe B<\/td>\n<td><img decoding=\"async\" style=\"width: 70px;\" src=\"https:\/\/www.tunnelriskmodel.at\/wp-content\/uploads\/2015\/12\/dg_sign_b.png\" alt=\"Fahrverbot mit Schild Buchstabe B\"><\/td>\n<\/tr>\n<tr>\n<td>Kategorie C<\/td>\n<td>Beschr\u00e4nkung der Kategorie B sowie f\u00fcr Ladungen nit dem Risiko einer <strong>gro\u00dfen Explosion<\/strong> sowie einer <strong>gro\u00dfen Freisetzung giftiger Stoffe<\/strong><\/td>\n<td>Fahrverbot mit Schild Buchstabe C<\/td>\n<td><img decoding=\"async\" style=\"width: 70px;\" src=\"https:\/\/www.tunnelriskmodel.at\/wp-content\/uploads\/2015\/12\/dg_sign_c.png\" alt=\"Fahrverbot mit Schild Buchstabe C\"><\/td>\n<\/tr>\n<tr>\n<td>Kategorie D<\/td>\n<td>Beschr\u00e4nkung der Kategorie C sowie f\u00fcr Ladungen nit dem Risiko eines <strong>gro\u00dfen Brandes<\/strong><\/td>\n<td>Fahrverbot mit Schild Buchstabe D<\/td>\n<td><img decoding=\"async\" style=\"width: 70px;\" src=\"https:\/\/www.tunnelriskmodel.at\/wp-content\/uploads\/2015\/12\/dg_sign_d.png\" alt=\"Fahrverbot mit Schild Buchstabe D\"><\/td>\n<\/tr>\n<tr>\n<td>Kategorie E<\/td>\n<td>Beschr\u00e4nkung f\u00fcr alle Gefahrg\u00fcter<\/td>\n<td>Fahrverbot mit Schild Buchstabe E<\/td>\n<td><img decoding=\"async\" style=\"width: 70px;\" src=\"https:\/\/www.tunnelriskmodel.at\/wp-content\/uploads\/2015\/12\/dg_sign_e.png\" alt=\"Fahrverbot mit Schild Buchstabe E\"><\/td>\n<\/tr>\n<\/tbody>\n<\/table>\n<p>[\/et_pb_text][\/et_pb_column][\/et_pb_row][\/et_pb_section][et_pb_section admin_label=&#8220;section&#8220; transparent_background=&#8220;off&#8220; background_color=&#8220;#eeeeee&#8220; allow_player_pause=&#8220;off&#8220; inner_shadow=&#8220;off&#8220; parallax=&#8220;off&#8220; parallax_method=&#8220;off&#8220; custom_padding=&#8220;30px||30px|&#8220; padding_mobile=&#8220;on&#8220; make_fullwidth=&#8220;off&#8220; use_custom_width=&#8220;off&#8220; width_unit=&#8220;on&#8220; make_equal=&#8220;off&#8220; use_custom_gutter=&#8220;off&#8220; gutter_width=&#8220;3&#8243;][et_pb_row admin_label=&#8220;Row&#8220;][et_pb_column type=&#8220;1_3&#8243;][et_pb_text admin_label=&#8220;Im Jahr 2009 hat das&#8220; background_layout=&#8220;light&#8220; text_orientation=&#8220;left&#8220; text_font_size=&#8220;14&#8243; use_border_color=&#8220;off&#8220; border_color=&#8220;#ffffff&#8220; border_style=&#8220;solid&#8220;]<\/p>\n<p>Im Jahr 2009 hat das \u00f6sterreichische Bundesministerium f\u00fcr Verkehr, Innovation und Technologie (BMVIT) ein Forschungsprojekt mit dem Ziel gestartet, ein ganzheitliches Untersuchungs- und Bewertungsverfahren betreffend Risikoanalysen f\u00fcr Gefahrgut zu erstellen. Das Forschungsprojekt war ausschlie\u00dflich auf die Risikobewertung von Unf\u00e4llen mit Gefahrgut ausgerichtet, w\u00e4hrend mechanische Unf\u00e4lle und konventionelle Br\u00e4nde im Risikomodell TuRisMo ber\u00fccksichtigt werden. Die Risikoberechnung erfolgt unter Anwendung des Modells DG-QRAM, welches von OECD\/PIARC entwickelt wurde. Die Vorgehensweise bei der Einteilung von Stra\u00dfentunneln in Kategorien ist in der \u00f6sterreichischen Richtlinie RVS 09.03.12. dargestellt.<\/p>\n<p>[\/et_pb_text][\/et_pb_column][et_pb_column type=&#8220;1_3&#8243;][et_pb_text admin_label=&#8220;Eine weitere Methode&#8220; background_layout=&#8220;light&#8220; text_orientation=&#8220;left&#8220; text_font_size=&#8220;14&#8243; use_border_color=&#8220;off&#8220; border_color=&#8220;#ffffff&#8220; border_style=&#8220;solid&#8220;]<\/p>\n<p>Eine weitere Methode zur Risikobewertung von Gefahrguttransporten durch Stra\u00dfentunnel ist die deutsche Methode, die in den Forschungsberichten FE 03.0437\/2007\/FRB und FE 86.0050\/2008 dargelegt wird (Verfahren zur Kategorisierung von Stra\u00dfentunneln).<\/p>\n<p>Das deutsche Verfahren entspricht dem Modell DG-QRAM nur in Stufe 1. F\u00fcr die weiteren Stufen ist ein detailliertes Risikomodell inklusive Simulationen f\u00fcr CFD (Rauchausbreitung) und Evakuierung von Personen anzuwenden.<\/p>\n<p>[\/et_pb_text][et_pb_divider admin_label=&#8220;Divider&#8220; color=&#8220;#bbbbbb&#8220; show_divider=&#8220;on&#8220; height=&#8220;5px&#8220; divider_style=&#8220;solid&#8220; divider_position=&#8220;top&#8220; divider_weight=&#8220;1&#8243; hide_on_mobile=&#8220;on&#8220;]<\/p>\n<p>[\/et_pb_divider][et_pb_text admin_label=&#8220;ILF has gained&#8220; background_layout=&#8220;light&#8220; text_orientation=&#8220;left&#8220; text_font_size=&#8220;14&#8243; use_border_color=&#8220;off&#8220; border_color=&#8220;#ffffff&#8220; border_style=&#8220;solid&#8220;]<\/p>\n<p>Mit der Durchf\u00fchrung einer Vielzahl an Gefahrgutrisikoanalysen hat ILF umfassende Kenntnisse in der Anwendung der \u00f6sterreichischen und der deutschen Methode sowie in der Tunnelkategorisierung gem\u00e4\u00df ADR gewonnen.<\/p>\n<p>[\/et_pb_text][\/et_pb_column][et_pb_column type=&#8220;1_3&#8243;][et_pb_image admin_label=&#8220;Image&#8220; src=&#8220;https:\/\/www.tunnelriskmodel.at\/wp-content\/uploads\/2016\/01\/DG_ger.png&#8220; show_in_lightbox=&#8220;on&#8220; url_new_window=&#8220;off&#8220; animation=&#8220;off&#8220; sticky=&#8220;off&#8220; align=&#8220;left&#8220; force_fullwidth=&#8220;off&#8220; always_center_on_mobile=&#8220;on&#8220; use_border_color=&#8220;off&#8220; border_color=&#8220;#ffffff&#8220; border_style=&#8220;solid&#8220;]<\/p>\n<p>[\/et_pb_image][\/et_pb_column][\/et_pb_row][\/et_pb_section]<\/p>\n","protected":false},"excerpt":{"rendered":"<p>Gefahrgut Im Zuge der Fortschreibung des europ\u00e4ischen \u00dcbereinkommens \u00fcber die internationale Bef\u00f6rderung gef\u00e4hrlicher G\u00fcter auf der Stra\u00dfe (allgemein bekannt als ADR) im Jahr 2007 wurden s\u00e4mtlichen gef\u00e4hrlichen Substanzen entsprechend ihres Schadenspotentials, ihres Umfangs (Masse) und Bef\u00f6rderungstyps Tunnelbeschr\u00e4nkungscodes zugewiesen. Diese Codes dienen als Grundlage f\u00fcr eine einheitliche europ\u00e4ische Regelung der Bef\u00f6rderung gef\u00e4hrlicher G\u00fcter durch Tunnel. Um [&hellip;]<\/p>\n","protected":false},"author":1,"featured_media":0,"parent":161,"menu_order":4,"comment_status":"closed","ping_status":"closed","template":"","meta":{"_et_pb_use_builder":"on","_et_pb_old_content":"","_et_gb_content_width":"","footnotes":""},"class_list":["post-529","page","type-page","status-publish","hentry"],"_links":{"self":[{"href":"https:\/\/www.tunnelriskmodel.at\/de\/wp-json\/wp\/v2\/pages\/529","targetHints":{"allow":["GET"]}}],"collection":[{"href":"https:\/\/www.tunnelriskmodel.at\/de\/wp-json\/wp\/v2\/pages"}],"about":[{"href":"https:\/\/www.tunnelriskmodel.at\/de\/wp-json\/wp\/v2\/types\/page"}],"author":[{"embeddable":true,"href":"https:\/\/www.tunnelriskmodel.at\/de\/wp-json\/wp\/v2\/users\/1"}],"replies":[{"embeddable":true,"href":"https:\/\/www.tunnelriskmodel.at\/de\/wp-json\/wp\/v2\/comments?post=529"}],"version-history":[{"count":3,"href":"https:\/\/www.tunnelriskmodel.at\/de\/wp-json\/wp\/v2\/pages\/529\/revisions"}],"predecessor-version":[{"id":532,"href":"https:\/\/www.tunnelriskmodel.at\/de\/wp-json\/wp\/v2\/pages\/529\/revisions\/532"}],"up":[{"embeddable":true,"href":"https:\/\/www.tunnelriskmodel.at\/de\/wp-json\/wp\/v2\/pages\/161"}],"wp:attachment":[{"href":"https:\/\/www.tunnelriskmodel.at\/de\/wp-json\/wp\/v2\/media?parent=529"}],"curies":[{"name":"wp","href":"https:\/\/api.w.org\/{rel}","templated":true}]}}