{"id":534,"date":"2016-02-16T00:22:24","date_gmt":"2016-02-15T23:22:24","guid":{"rendered":"https:\/\/www.tunnelriskmodel.at\/de\/?page_id=534"},"modified":"2016-02-16T05:43:28","modified_gmt":"2016-02-16T04:43:28","slug":"anwendung-von-turismo","status":"publish","type":"page","link":"https:\/\/www.tunnelriskmodel.at\/de\/anwendung\/anwendung-von-turismo\/","title":{"rendered":"Anwendung von TuRisMo"},"content":{"rendered":"<p>[et_pb_section admin_label=&#8220;section&#8220; background_image=&#8220;https:\/\/www.tunnelriskmodel.at\/wp-content\/uploads\/2015\/10\/stripe_bottom_grey.png&#8220; transparent_background=&#8220;off&#8220; background_color=&#8220;#e66a1f&#8220; allow_player_pause=&#8220;off&#8220; inner_shadow=&#8220;off&#8220; parallax=&#8220;off&#8220; parallax_method=&#8220;off&#8220; custom_padding=&#8220;20px|20px&#8220; padding_mobile=&#8220;on&#8220; make_fullwidth=&#8220;off&#8220; use_custom_width=&#8220;off&#8220; width_unit=&#8220;on&#8220; make_equal=&#8220;off&#8220; use_custom_gutter=&#8220;off&#8220; custom_css_main_element=&#8220;-moz-background-size: 100%;||-webkit-background-size: 100%;||background-size: 100%;||background-position: center bottom;&#8220; gutter_width=&#8220;3&#8243;][et_pb_row admin_label=&#8220;row&#8220;][et_pb_column type=&#8220;4_4&#8243;][et_pb_text admin_label=&#8220;Anwendung von TuRisMo&#8220; background_layout=&#8220;dark&#8220; text_orientation=&#8220;left&#8220; use_border_color=&#8220;off&#8220; border_color=&#8220;#ffffff&#8220; border_style=&#8220;solid&#8220; text_font_size=&#8220;14&#8243;]<\/p>\n<h1>Anwendung von TuRisMo<\/h1>\n<p>[\/et_pb_text][\/et_pb_column][\/et_pb_row][\/et_pb_section][et_pb_section admin_label=&#8220;section&#8220; transparent_background=&#8220;off&#8220; background_color=&#8220;#eeeeee&#8220; allow_player_pause=&#8220;off&#8220; inner_shadow=&#8220;off&#8220; parallax=&#8220;off&#8220; parallax_method=&#8220;off&#8220; custom_padding=&#8220;30px||30px|&#8220; padding_mobile=&#8220;on&#8220; make_fullwidth=&#8220;off&#8220; use_custom_width=&#8220;off&#8220; width_unit=&#8220;on&#8220; make_equal=&#8220;off&#8220; use_custom_gutter=&#8220;off&#8220; gutter_width=&#8220;3&#8243;][et_pb_row admin_label=&#8220;row&#8220;][et_pb_column type=&#8220;1_2&#8243;][et_pb_accordion admin_label=&#8220;Accordion&#8220; module_class=&#8220;tmo_accord&#8220; icon_color=&#8220;#e66a1f&#8220; toggle_font_size=&#8220;16&#8243; body_font_size=&#8220;14&#8243; use_border_color=&#8220;off&#8220; border_color=&#8220;#ffffff&#8220; border_style=&#8220;solid&#8220;]<\/p>\n<p>[et_pb_accordion_item title=&#8220;Verkehr&#8220;]<\/p>\n<ul>\n<li>Verkehrsaufkommen<\/li>\n<li>Anteil Schwerverkehr<\/li>\n<li>Anteil Gefahrguttransporte<\/li>\n<li>Verkehrscharakteristik<\/li>\n<li>Geschwindigkeit der Fahrzeugkategorien<\/li>\n<li>Stauh\u00e4ufigkeit<\/li>\n<li>besondere Konfliktpunkte<\/li>\n<li>Verkehrsanhaltung im Ereignisfall<\/li>\n<\/ul>\n<p>[\/et_pb_accordion_item][et_pb_accordion_item title=&#8220;Bauliche Infrastruktur&#8220;]<\/p>\n<ul>\n<li>Richtigungsverkehr oder Gegenverkehr<\/li>\n<li>Tunnell\u00e4nge<\/li>\n<li>Abstand der Notausg\u00e4nge<\/li>\n<li>L\u00e4ngsneigung (im Tunnel, auf den Zulaufstrecken<\/li>\n<li>Querschnittsgeometrie<\/li>\n<li>Anzahl der Fahrstreifen<\/li>\n<li>Breite der Fahrstreifen<\/li>\n<li>Pannenstreifen \/ Pannenbuchten<\/li>\n<\/ul>\n<p>[\/et_pb_accordion_item][et_pb_accordion_item title=&#8220;Ausr\u00fcstung\/\u00dcberwachung&#8220;]<\/p>\n<ul>\n<li>Videodetektion<\/li>\n<li>Beleuchtungsniveau<\/li>\n<li>Geschwindigkeitskontrolle (punktuell oder sektional)<\/li>\n<li>Abstandskontrolle<\/li>\n<li>Brandmeldeanlage<\/li>\n<li>Brandunterdr\u00fcckungssysteme<\/li>\n<li>Akustische \u00dcberwachung<\/li>\n<\/ul>\n<p>[\/et_pb_accordion_item][et_pb_accordion_item title=&#8220;L\u00fcftung&#8220;]<\/p>\n<ul>\n<li>L\u00fcftungstyp (nat\u00fcrlische L\u00fcftung, L\u00e4ngsl\u00fcftung, Querl\u00fcftung)<\/li>\n<li>L\u00fcftungsauslegung<\/li>\n<li>L\u00fcftungssteuerung im Brandfall<\/li>\n<li>Fahrzeugbewegungen im Tunnel<\/li>\n<li>Auftriebswirkung des Brandes<\/li>\n<li>Portaldruckdifferenz<\/li>\n<li>Reaktionszeit des L\u00fcftungssystems<\/li>\n<\/ul>\n<p>[\/et_pb_accordion_item][et_pb_accordion_item title=&#8220;Selbstrettung&#8220;]<\/p>\n<ul>\n<li>Abstand der Notausg\u00e4nge<\/li>\n<li>Unfallort<\/li>\n<li>Anzahl \/ Art der involvierten Fahrzeuge<\/li>\n<li>Besetzungsgrad der Fahrzeuge<\/li>\n<li>Informationssysteme<\/li>\n<\/ul>\n<p>[\/et_pb_accordion_item][et_pb_accordion_item title=&#8220;Fremdrettung&#8220;]<\/p>\n<ul>\n<li>Zugangsm\u00f6glichkeiten der Einsatzkr\u00e4fte<\/li>\n<li>Einsatzzeit der Rettungskr\u00e4fte<\/li>\n<\/ul>\n<p>[\/et_pb_accordion_item]<\/p>\n<p>[\/et_pb_accordion][\/et_pb_column][et_pb_column type=&#8220;1_2&#8243;][et_pb_text admin_label=&#8220;Mit der Fortschreibung&#8220; background_layout=&#8220;light&#8220; text_orientation=&#8220;left&#8220; text_font_size=&#8220;14&#8243; use_border_color=&#8220;off&#8220; border_color=&#8220;#ffffff&#8220; border_style=&#8220;solid&#8220;]<\/p>\n<p>Mit der Fortschreibung des Modells konnte der Anwendungsbereich von TuRisMo ausgedehnt werden, sodass nun spezifische Probleme sowie Ma\u00dfnahmen zu deren Minderung quantitativ dargestellt werden k\u00f6nnen.<\/p>\n<p>In der aktualisierten TuRisMo-Version wurde die Anzahl an Einflussfaktoren erh\u00f6ht, sodass verschiedene Tunnelarten und eine hohe Anzahl unterschiedlicher Tunnelsicherheitsma\u00dfnahmen quantitativ untersucht werden k\u00f6nnen.<\/p>\n<p>Die nachfolgende Abbildung zeigt eine kurze \u00dcbersicht der typischen Einflussfaktoren.<\/p>\n<p>[\/et_pb_text][et_pb_divider admin_label=&#8220;Divider&#8220; color=&#8220;#bbbbbb&#8220; show_divider=&#8220;on&#8220; height=&#8220;5px&#8220; divider_style=&#8220;solid&#8220; divider_position=&#8220;top&#8220; divider_weight=&#8220;1&#8243; hide_on_mobile=&#8220;on&#8220;]<\/p>\n<p>&nbsp;<\/p>\n<p>[\/et_pb_divider][et_pb_text admin_label=&#8220;Links&#8220; background_layout=&#8220;light&#8220; text_orientation=&#8220;left&#8220; text_font_size=&#8220;14&#8243; use_border_color=&#8220;off&#8220; border_color=&#8220;#ffffff&#8220; border_style=&#8220;solid&#8220;]<\/p>\n<p><a style=\"font-weight: bold; line-height: 24px;\" href=\"https:\/\/www.tunnelriskmodel.at\/de\/anwendung\/fallstudien\"><span style=\"font-family: 'etmodules' !important; margin-right: 5px;\">=<\/span> Fallstudien<\/a><br \/>\n<a style=\"font-weight: bold; line-height: 24px;\" href=\"https:\/\/www.tunnelriskmodel.at\/de\/anwendung\/projektbeispiele\"><span style=\"font-family: 'etmodules' !important; margin-right: 5px;\">=<\/span> Projektbeispiele<\/a><\/p>\n<p>[\/et_pb_text][\/et_pb_column][\/et_pb_row][\/et_pb_section]<\/p>\n","protected":false},"excerpt":{"rendered":"<p>Anwendung von TuRisMo Verkehrsaufkommen Anteil Schwerverkehr Anteil Gefahrguttransporte Verkehrscharakteristik Geschwindigkeit der Fahrzeugkategorien Stauh\u00e4ufigkeit besondere Konfliktpunkte Verkehrsanhaltung im Ereignisfall Richtigungsverkehr oder Gegenverkehr Tunnell\u00e4nge Abstand der Notausg\u00e4nge L\u00e4ngsneigung (im Tunnel, auf den Zulaufstrecken Querschnittsgeometrie Anzahl der Fahrstreifen Breite der Fahrstreifen Pannenstreifen \/ Pannenbuchten Videodetektion Beleuchtungsniveau Geschwindigkeitskontrolle (punktuell oder sektional) Abstandskontrolle Brandmeldeanlage Brandunterdr\u00fcckungssysteme Akustische \u00dcberwachung L\u00fcftungstyp (nat\u00fcrlische L\u00fcftung, [&hellip;]<\/p>\n","protected":false},"author":1,"featured_media":0,"parent":159,"menu_order":1,"comment_status":"closed","ping_status":"closed","template":"","meta":{"_et_pb_use_builder":"on","_et_pb_old_content":"","_et_gb_content_width":"","footnotes":""},"class_list":["post-534","page","type-page","status-publish","hentry"],"_links":{"self":[{"href":"https:\/\/www.tunnelriskmodel.at\/de\/wp-json\/wp\/v2\/pages\/534","targetHints":{"allow":["GET"]}}],"collection":[{"href":"https:\/\/www.tunnelriskmodel.at\/de\/wp-json\/wp\/v2\/pages"}],"about":[{"href":"https:\/\/www.tunnelriskmodel.at\/de\/wp-json\/wp\/v2\/types\/page"}],"author":[{"embeddable":true,"href":"https:\/\/www.tunnelriskmodel.at\/de\/wp-json\/wp\/v2\/users\/1"}],"replies":[{"embeddable":true,"href":"https:\/\/www.tunnelriskmodel.at\/de\/wp-json\/wp\/v2\/comments?post=534"}],"version-history":[{"count":6,"href":"https:\/\/www.tunnelriskmodel.at\/de\/wp-json\/wp\/v2\/pages\/534\/revisions"}],"predecessor-version":[{"id":543,"href":"https:\/\/www.tunnelriskmodel.at\/de\/wp-json\/wp\/v2\/pages\/534\/revisions\/543"}],"up":[{"embeddable":true,"href":"https:\/\/www.tunnelriskmodel.at\/de\/wp-json\/wp\/v2\/pages\/159"}],"wp:attachment":[{"href":"https:\/\/www.tunnelriskmodel.at\/de\/wp-json\/wp\/v2\/media?parent=534"}],"curies":[{"name":"wp","href":"https:\/\/api.w.org\/{rel}","templated":true}]}}