{"id":550,"date":"2016-02-16T06:05:50","date_gmt":"2016-02-16T05:05:50","guid":{"rendered":"https:\/\/www.tunnelriskmodel.at\/de\/?page_id=550"},"modified":"2016-02-16T06:12:23","modified_gmt":"2016-02-16T05:12:23","slug":"projektbeispiele","status":"publish","type":"page","link":"https:\/\/www.tunnelriskmodel.at\/de\/anwendung\/projektbeispiele\/","title":{"rendered":"Projektbeispiele"},"content":{"rendered":"<p>[et_pb_section admin_label=&#8220;section&#8220; background_image=&#8220;https:\/\/www.tunnelriskmodel.at\/wp-content\/uploads\/2015\/10\/stripe_bottom.jpg&#8220; transparent_background=&#8220;off&#8220; background_color=&#8220;#e66a1f&#8220; allow_player_pause=&#8220;off&#8220; inner_shadow=&#8220;off&#8220; parallax=&#8220;off&#8220; parallax_method=&#8220;off&#8220; custom_padding=&#8220;20px|20px&#8220; padding_mobile=&#8220;on&#8220; make_fullwidth=&#8220;off&#8220; use_custom_width=&#8220;off&#8220; width_unit=&#8220;on&#8220; make_equal=&#8220;off&#8220; use_custom_gutter=&#8220;off&#8220; custom_css_main_element=&#8220;-moz-background-size: 100%;||-webkit-background-size: 100%;||background-size: 100%;||background-position: center bottom;&#8220; gutter_width=&#8220;3&#8243;][et_pb_row admin_label=&#8220;row&#8220;][et_pb_column type=&#8220;4_4&#8243;][et_pb_text admin_label=&#8220;Projektbeispiele&#8220; background_layout=&#8220;dark&#8220; text_orientation=&#8220;left&#8220; use_border_color=&#8220;off&#8220; border_color=&#8220;#ffffff&#8220; border_style=&#8220;solid&#8220; text_font_size=&#8220;14&#8243;]<\/p>\n<h1>Projektbeispiele<\/h1>\n<p>[\/et_pb_text][\/et_pb_column][\/et_pb_row][\/et_pb_section][et_pb_section admin_label=&#8220;section&#8220; transparent_background=&#8220;off&#8220; allow_player_pause=&#8220;off&#8220; inner_shadow=&#8220;off&#8220; parallax=&#8220;off&#8220; parallax_method=&#8220;off&#8220; custom_padding=&#8220;30px||30px|&#8220; padding_mobile=&#8220;on&#8220; make_fullwidth=&#8220;off&#8220; use_custom_width=&#8220;off&#8220; width_unit=&#8220;on&#8220; make_equal=&#8220;off&#8220; use_custom_gutter=&#8220;off&#8220; gutter_width=&#8220;3&#8243;][et_pb_row admin_label=&#8220;row&#8220;][et_pb_column type=&#8220;1_2&#8243;][et_pb_text admin_label=&#8220;A8, Albaufstieg Tunnelkette&#8220; background_layout=&#8220;light&#8220; text_orientation=&#8220;left&#8220; text_font_size=&#8220;14&#8243; use_border_color=&#8220;off&#8220; border_color=&#8220;#ffffff&#8220; border_style=&#8220;solid&#8220;]<\/p>\n<h3>A8, Albaufstieg Tunnelkette<\/h3>\n<p>Detaillierte quantitative Risiko-analyse nach RABT-Richtlinien f\u00fcr die Ausstattung und den Betrieb von Stra\u00dfentunneln und f\u00fcr Gefahrgut (Stufe 1b und 2a), 2014\u20132015<\/p>\n<p><strong>Auftraggeber<\/strong> Bundesland Baden-W\u00fcrttemberg, Deutschland<\/p>\n<p><strong>Tunnel Drackenstein<\/strong>, 3-spuriger RV-Stra\u00dfentunnel<br \/>\nL\u00e4nge: ca. 1.700 m<\/p>\n<p><strong>Tunnel Himmelsschleife<\/strong>, 3-spuriger RV-Stra\u00dfentunnel<br \/>\nL\u00e4nge: ca. 1.200 m<\/p>\n<p>[\/et_pb_text][\/et_pb_column][et_pb_column type=&#8220;1_2&#8243;][et_pb_image admin_label=&#8220;Image&#8220; src=&#8220;https:\/\/www.tunnelriskmodel.at\/wp-content\/uploads\/2016\/01\/A8-Albaufstieg-Tunnels_copy.jpg&#8220; show_in_lightbox=&#8220;on&#8220; url_new_window=&#8220;off&#8220; animation=&#8220;left&#8220; sticky=&#8220;off&#8220; align=&#8220;left&#8220; force_fullwidth=&#8220;off&#8220; always_center_on_mobile=&#8220;on&#8220; use_border_color=&#8220;off&#8220; border_color=&#8220;#ffffff&#8220; border_style=&#8220;solid&#8220;]<\/p>\n<p>&nbsp;<\/p>\n<p>[\/et_pb_image][\/et_pb_column][\/et_pb_row][et_pb_row admin_label=&#8220;Row&#8220;][et_pb_column type=&#8220;4_4&#8243;][et_pb_divider admin_label=&#8220;Divider&#8220; color=&#8220;#cccccc&#8220; show_divider=&#8220;on&#8220; height=&#8220;5px&#8220; divider_style=&#8220;solid&#8220; divider_position=&#8220;top&#8220; divider_weight=&#8220;1&#8243; hide_on_mobile=&#8220;on&#8220;]<\/p>\n<p>&nbsp;<\/p>\n<p>[\/et_pb_divider][\/et_pb_column][\/et_pb_row][et_pb_row admin_label=&#8220;row&#8220;][et_pb_column type=&#8220;1_2&#8243;][et_pb_text admin_label=&#8220;A22, Kaiserm\u00fchlentunnel&#8220; background_layout=&#8220;light&#8220; text_orientation=&#8220;left&#8220; text_font_size=&#8220;14&#8243; use_border_color=&#8220;off&#8220; border_color=&#8220;#ffffff&#8220; border_style=&#8220;solid&#8220;]<\/p>\n<h3>A22, Kaiserm\u00fchlentunnel<\/h3>\n<p>Detaillierte quantitative Risiko-analyse (inklusive CFD-Simula-tionen und szenariobezogene Analyse) f\u00fcr die geplante Sanierung des L\u00fcftungssystems im Kaiserm\u00fchlentunnel, 2010\u20132014<\/p>\n<p><strong>Auftraggeber<\/strong> ASFINAG, \u00d6sterreich<\/p>\n<p>RV-Stadtstra\u00dfentunnel, 4-spurig pro Richtung, mehrere Auf- und Abfahrtsrampen \u00fcber die gesamte Tunnell\u00e4nge (2,180 km), Kollektor auf halber Tunnell\u00e4nge, Abschnittskontrolle mit variabler H\u00f6chstgeschwindigkeit<\/p>\n<p>[\/et_pb_text][\/et_pb_column][et_pb_column type=&#8220;1_2&#8243;][et_pb_image admin_label=&#8220;Image&#8220; src=&#8220;https:\/\/www.tunnelriskmodel.at\/wp-content\/uploads\/2016\/01\/A22-Kaisermuehlen-Tunnel-copy3.jpg&#8220; show_in_lightbox=&#8220;on&#8220; url_new_window=&#8220;off&#8220; animation=&#8220;left&#8220; sticky=&#8220;off&#8220; align=&#8220;left&#8220; force_fullwidth=&#8220;off&#8220; always_center_on_mobile=&#8220;on&#8220; use_border_color=&#8220;off&#8220; border_color=&#8220;#ffffff&#8220; border_style=&#8220;solid&#8220;]<\/p>\n<p>&nbsp;<\/p>\n<p>[\/et_pb_image][\/et_pb_column][\/et_pb_row][et_pb_row admin_label=&#8220;Row&#8220;][et_pb_column type=&#8220;4_4&#8243;][et_pb_divider admin_label=&#8220;Divider&#8220; color=&#8220;#cccccc&#8220; show_divider=&#8220;on&#8220; height=&#8220;5px&#8220; divider_style=&#8220;solid&#8220; divider_position=&#8220;top&#8220; divider_weight=&#8220;1&#8243; hide_on_mobile=&#8220;on&#8220;]<\/p>\n<p>&nbsp;<\/p>\n<p>[\/et_pb_divider][\/et_pb_column][\/et_pb_row][et_pb_row admin_label=&#8220;row&#8220;][et_pb_column type=&#8220;1_2&#8243;][et_pb_text admin_label=&#8220;B8, U\u010dkatunnel&#8220; background_layout=&#8220;light&#8220; text_orientation=&#8220;left&#8220; text_font_size=&#8220;14&#8243; use_border_color=&#8220;off&#8220; border_color=&#8220;#ffffff&#8220; border_style=&#8220;solid&#8220;]<\/p>\n<h3>B8, U\u010dkatunnel<\/h3>\n<p>Detaillierte quantitative, szenariobezogene Risikoanalyse (CFD-Model f\u00fcr Rauchaus-breitung, Evakuierungs-simulation) inklusive Empfehlungen bez\u00fcglich der Wahl eines Quer- oder L\u00e4ngsl\u00fcftungssystems in Kombination mit zus\u00e4tzlichen, risikomindernden Ma\u00dfnahmen (z. B. Verk\u00fcrzung der Flucht- und Rettungswegabst\u00e4nde)<br \/>\n2011\u20132012<\/p>\n<p><strong>Auftraggeber<\/strong> Bina-Istra d.d., Lupoglav, Risikoanalyse, Kroatien <\/p>\n<p>Der 5,062 km lange GV-Stra\u00dfentunnel wird zu einem RV-Autobahntunnel ausgebaut \u2013 zweite R\u00f6hre in der Planungsphase.<\/p>\n<p>[\/et_pb_text][\/et_pb_column][et_pb_column type=&#8220;1_2&#8243;][et_pb_image admin_label=&#8220;Image&#8220; src=&#8220;https:\/\/www.tunnelriskmodel.at\/wp-content\/uploads\/2015\/12\/B8-Ucka-Tunnel.jpg&#8220; show_in_lightbox=&#8220;on&#8220; url_new_window=&#8220;off&#8220; animation=&#8220;left&#8220; sticky=&#8220;off&#8220; align=&#8220;left&#8220; force_fullwidth=&#8220;off&#8220; always_center_on_mobile=&#8220;on&#8220; use_border_color=&#8220;off&#8220; border_color=&#8220;#ffffff&#8220; border_style=&#8220;solid&#8220;]<\/p>\n<p>&nbsp;<\/p>\n<p>[\/et_pb_image][\/et_pb_column][\/et_pb_row][et_pb_row admin_label=&#8220;Row&#8220;][et_pb_column type=&#8220;4_4&#8243;][et_pb_divider admin_label=&#8220;Divider&#8220; color=&#8220;#cccccc&#8220; show_divider=&#8220;on&#8220; height=&#8220;5px&#8220; divider_style=&#8220;solid&#8220; divider_position=&#8220;top&#8220; divider_weight=&#8220;1&#8243; hide_on_mobile=&#8220;on&#8220;]<\/p>\n<p>&nbsp;<\/p>\n<p>[\/et_pb_divider][\/et_pb_column][\/et_pb_row][et_pb_row admin_label=&#8220;row&#8220;][et_pb_column type=&#8220;1_2&#8243;][et_pb_text admin_label=&#8220;A10, Oswaldibergtunnel&#8220; background_layout=&#8220;light&#8220; text_orientation=&#8220;left&#8220; text_font_size=&#8220;14&#8243; use_border_color=&#8220;off&#8220; border_color=&#8220;#ffffff&#8220; border_style=&#8220;solid&#8220;]<\/p>\n<h3>A10, Oswaldibergtunnel<\/h3>\n<p>Detaillierte Analyse des Benutzerrisikos f\u00fcr den Oswaldibergtunnel w\u00e4hrend der Tunnelsanierung (vor\u00fcber-gehender Gegenverkehrsbetrieb) und im Endzustand (Richtungs-verkehrsbetrieb), 2013\u20132015<\/p>\n<p><strong>Auftraggeber<\/strong> ASFINAG, \u00d6sterreich<\/p>\n<p>2-r\u00f6hriger Autobahntunnel mit einer L\u00e4nge von 4,307 km<\/p>\n<p>[\/et_pb_text][\/et_pb_column][et_pb_column type=&#8220;1_2&#8243;][et_pb_image admin_label=&#8220;Image&#8220; src=&#8220;https:\/\/www.tunnelriskmodel.at\/wp-content\/uploads\/2016\/01\/A10-Oswaldiberg-Tunnel_copy.jpg&#8220; show_in_lightbox=&#8220;on&#8220; url_new_window=&#8220;off&#8220; animation=&#8220;left&#8220; sticky=&#8220;off&#8220; align=&#8220;left&#8220; force_fullwidth=&#8220;off&#8220; always_center_on_mobile=&#8220;on&#8220; use_border_color=&#8220;off&#8220; border_color=&#8220;#ffffff&#8220; border_style=&#8220;solid&#8220;]<\/p>\n<p>&nbsp;<\/p>\n<p>[\/et_pb_image][\/et_pb_column][\/et_pb_row][et_pb_row admin_label=&#8220;Row&#8220;][et_pb_column type=&#8220;4_4&#8243;][et_pb_divider admin_label=&#8220;Divider&#8220; color=&#8220;#cccccc&#8220; show_divider=&#8220;on&#8220; height=&#8220;5px&#8220; divider_style=&#8220;solid&#8220; divider_position=&#8220;top&#8220; divider_weight=&#8220;1&#8243; hide_on_mobile=&#8220;on&#8220;]<\/p>\n<p>&nbsp;<\/p>\n<p>[\/et_pb_divider][\/et_pb_column][\/et_pb_row][et_pb_row admin_label=&#8220;row&#8220;][et_pb_column type=&#8220;1_2&#8243;][et_pb_text admin_label=&#8220;A11\/A2, Karawankentunnel&#8220; background_layout=&#8220;light&#8220; text_orientation=&#8220;left&#8220; text_font_size=&#8220;14&#8243; use_border_color=&#8220;off&#8220; border_color=&#8220;#ffffff&#8220; border_style=&#8220;solid&#8220;]<\/p>\n<h3>A11\/A2, Karawankentunnel<\/h3>\n<p>Quantitative Risikoanalyse zur Bewertung und zum Vergleich der Sicherheitssteigerung mit zus\u00e4tzlichen Notausg\u00e4ngen (bestehendes L\u00fcftungssystem) und der Installation eines Querl\u00fcftungssystems, 2009\u20132015<\/p>\n<p><strong>Auftraggeber<\/strong> ASFINAG, \u00d6sterreich<\/p>\n<p>2-spuriger Stra\u00dfentunnel mit einer L\u00e4nge von 7,864 km (Gegenverkehrsbetrieb). Das derzeitige L\u00fcftungssystem ist eine Kombination aus L\u00e4ngsl\u00fcftung in der Mitte des Tunnels und Querl\u00fcftung im n\u00f6rdlichen und s\u00fcdlichen Abschnitt.<\/p>\n<p>[\/et_pb_text][et_pb_image admin_label=&#8220;Image&#8220; src=&#8220;https:\/\/www.tunnelriskmodel.at\/wp-content\/uploads\/2015\/12\/A11-A2-Karawanken-Tunnel-img1.jpg&#8220; show_in_lightbox=&#8220;on&#8220; url_new_window=&#8220;off&#8220; animation=&#8220;left&#8220; sticky=&#8220;off&#8220; align=&#8220;left&#8220; force_fullwidth=&#8220;off&#8220; always_center_on_mobile=&#8220;on&#8220; use_border_color=&#8220;off&#8220; border_color=&#8220;#ffffff&#8220; border_style=&#8220;solid&#8220;]<\/p>\n<p>&nbsp;<\/p>\n<p>[\/et_pb_image][\/et_pb_column][et_pb_column type=&#8220;1_2&#8243;][et_pb_image admin_label=&#8220;Image&#8220; src=&#8220;https:\/\/www.tunnelriskmodel.at\/wp-content\/uploads\/2015\/12\/A11-A2-Karawanken-Tunnel-img2_copy.jpg&#8220; show_in_lightbox=&#8220;on&#8220; url_new_window=&#8220;off&#8220; animation=&#8220;left&#8220; sticky=&#8220;off&#8220; align=&#8220;left&#8220; force_fullwidth=&#8220;off&#8220; always_center_on_mobile=&#8220;on&#8220; use_border_color=&#8220;off&#8220; border_color=&#8220;#ffffff&#8220; border_style=&#8220;solid&#8220;]<\/p>\n<p>&nbsp;<\/p>\n<p>[\/et_pb_image][\/et_pb_column][\/et_pb_row][\/et_pb_section]<\/p>\n","protected":false},"excerpt":{"rendered":"<p>Projektbeispiele A8, Albaufstieg Tunnelkette Detaillierte quantitative Risiko-analyse nach RABT-Richtlinien f\u00fcr die Ausstattung und den Betrieb von Stra\u00dfentunneln und f\u00fcr Gefahrgut (Stufe 1b und 2a), 2014\u20132015 Auftraggeber Bundesland Baden-W\u00fcrttemberg, Deutschland Tunnel Drackenstein, 3-spuriger RV-Stra\u00dfentunnel L\u00e4nge: ca. 1.700 m Tunnel Himmelsschleife, 3-spuriger RV-Stra\u00dfentunnel L\u00e4nge: ca. 1.200 m &nbsp; &nbsp; A22, Kaiserm\u00fchlentunnel Detaillierte quantitative Risiko-analyse (inklusive CFD-Simula-tionen und [&hellip;]<\/p>\n","protected":false},"author":1,"featured_media":0,"parent":159,"menu_order":3,"comment_status":"closed","ping_status":"closed","template":"","meta":{"_et_pb_use_builder":"on","_et_pb_old_content":"","_et_gb_content_width":"","footnotes":""},"class_list":["post-550","page","type-page","status-publish","hentry"],"_links":{"self":[{"href":"https:\/\/www.tunnelriskmodel.at\/de\/wp-json\/wp\/v2\/pages\/550","targetHints":{"allow":["GET"]}}],"collection":[{"href":"https:\/\/www.tunnelriskmodel.at\/de\/wp-json\/wp\/v2\/pages"}],"about":[{"href":"https:\/\/www.tunnelriskmodel.at\/de\/wp-json\/wp\/v2\/types\/page"}],"author":[{"embeddable":true,"href":"https:\/\/www.tunnelriskmodel.at\/de\/wp-json\/wp\/v2\/users\/1"}],"replies":[{"embeddable":true,"href":"https:\/\/www.tunnelriskmodel.at\/de\/wp-json\/wp\/v2\/comments?post=550"}],"version-history":[{"count":3,"href":"https:\/\/www.tunnelriskmodel.at\/de\/wp-json\/wp\/v2\/pages\/550\/revisions"}],"predecessor-version":[{"id":553,"href":"https:\/\/www.tunnelriskmodel.at\/de\/wp-json\/wp\/v2\/pages\/550\/revisions\/553"}],"up":[{"embeddable":true,"href":"https:\/\/www.tunnelriskmodel.at\/de\/wp-json\/wp\/v2\/pages\/159"}],"wp:attachment":[{"href":"https:\/\/www.tunnelriskmodel.at\/de\/wp-json\/wp\/v2\/media?parent=550"}],"curies":[{"name":"wp","href":"https:\/\/api.w.org\/{rel}","templated":true}]}}