{"id":631,"date":"2017-12-14T13:08:34","date_gmt":"2017-12-14T12:08:34","guid":{"rendered":"https:\/\/www.tunnelriskmodel.at\/?page_id=631"},"modified":"2018-02-22T16:35:50","modified_gmt":"2018-02-22T15:35:50","slug":"antecedentes","status":"publish","type":"page","link":"https:\/\/www.tunnelriskmodel.at\/es\/acerca-de-turismo\/antecedentes\/","title":{"rendered":"Antecedentes"},"content":{"rendered":"<p>[et_pb_section bb_built=\u00bb1&#8243; admin_label=\u00bbsection\u00bb background_image=\u00bbhttps:\/\/www.tunnelriskmodel.at\/wp-content\/uploads\/2015\/10\/stripe_bottom.jpg\u00bb transparent_background=\u00bboff\u00bb background_color=\u00bb#e66a1f\u00bb allow_player_pause=\u00bboff\u00bb inner_shadow=\u00bboff\u00bb parallax=\u00bboff\u00bb parallax_method=\u00bboff\u00bb custom_padding=\u00bb20px||20px|\u00bb padding_mobile=\u00bbon\u00bb make_fullwidth=\u00bboff\u00bb use_custom_width=\u00bboff\u00bb width_unit=\u00bbon\u00bb make_equal=\u00bboff\u00bb use_custom_gutter=\u00bboff\u00bb custom_css_main_element=\u00bb-moz-background-size: 100%;||-webkit-background-size: 100%;||background-size: 100%;||background-position: center bottom;\u00bb gutter_width=\u00bb3&#8243; custom_padding_tablet=\u00bb20px||20px|\u00bb][et_pb_row admin_label=\u00bbrow\u00bb background_position=\u00bbtop_left\u00bb background_repeat=\u00bbrepeat\u00bb background_size=\u00bbinitial\u00bb][et_pb_column type=\u00bb4_4&#8243;][et_pb_text admin_label=\u00bbBackground &amp; Objective\u00bb background_layout=\u00bbdark\u00bb use_border_color=\u00bboff\u00bb border_color=\u00bb#ffffff\u00bb border_style=\u00bbsolid\u00bb _builder_version=\u00bb3.0.91&#8243; border_color_all=\u00bb#ffffff\u00bb border_style_all=\u00bbsolid\u00bb]<\/p>\n<h1>Antecedentes<\/h1>\n<p>[\/et_pb_text][\/et_pb_column][\/et_pb_row][\/et_pb_section][et_pb_section bb_built=\u00bb1&#8243; admin_label=\u00bbsection\u00bb transparent_background=\u00bboff\u00bb background_color=\u00bb#ffffff\u00bb allow_player_pause=\u00bboff\u00bb inner_shadow=\u00bboff\u00bb parallax=\u00bboff\u00bb parallax_method=\u00bboff\u00bb padding_mobile=\u00bbon\u00bb make_fullwidth=\u00bboff\u00bb use_custom_width=\u00bboff\u00bb width_unit=\u00bbon\u00bb make_equal=\u00bboff\u00bb use_custom_gutter=\u00bboff\u00bb gutter_width=\u00bb3&#8243; custom_padding=\u00bb30px||30px|\u00bb custom_padding_tablet=\u00bb30px||30px|\u00bb][et_pb_row admin_label=\u00bbrow\u00bb make_fullwidth=\u00bboff\u00bb use_custom_width=\u00bboff\u00bb width_unit=\u00bbon\u00bb use_custom_gutter=\u00bboff\u00bb gutter_width=\u00bb3&#8243; custom_padding=\u00bb||0px|\u00bb padding_mobile=\u00bboff\u00bb allow_player_pause=\u00bboff\u00bb parallax=\u00bboff\u00bb parallax_method=\u00bboff\u00bb make_equal=\u00bboff\u00bb parallax_1=\u00bboff\u00bb parallax_method_1=\u00bboff\u00bb column_padding_mobile=\u00bbon\u00bb background_position=\u00bbtop_left\u00bb background_repeat=\u00bbrepeat\u00bb background_size=\u00bbinitial\u00bb][et_pb_column type=\u00bb4_4&#8243;][et_pb_text admin_label=\u00bbAfter the severe tunnel\u00bb background_layout=\u00bblight\u00bb use_border_color=\u00bboff\u00bb border_color=\u00bb#ffffff\u00bb border_style=\u00bbsolid\u00bb _builder_version=\u00bb3.0.91&#8243; border_color_all=\u00bb#ffffff\u00bb border_style_all=\u00bbsolid\u00bb]<\/p>\n<p>Despu\u00e9s de los severos accidentes en t\u00faneles en el a\u00f1o 1999 y 2001 varias autoridades e institutos de investigaci\u00f3n en Europa dedicaron m\u00e1s tiempo que nunca discutiendo y aclarando las normas para los t\u00faneles viales. Uno de los resultados de este proceso de discusi\u00f3n fue el desarrollo y la publicaci\u00f3n de la Directiva CE 2004\/54\/EC sobre la Seguridad en T\u00faneles Viales en abril del a\u00f1o 2004, definiendo los est\u00e1ndares m\u00ednimos para los t\u00faneles viales. Adem\u00e1s de las medidas de seguridad y los est\u00e1ndares de organizaci\u00f3n, el Art\u00edculo 13 de la Directiva obliga a todos los Estados Miembros a desarrollar una metodolog\u00eda para los an\u00e1lisis de riesgos a nivel nacional. En caso de t\u00faneles con caracter\u00edsticas especiales y\/o desviaciones de los requisitos de la Directiva, estos an\u00e1lisis se aplican en forma de una herramienta de evaluaci\u00f3n de riesgos para verificar que el t\u00fanel sea suficientemente seguro.<\/p>\n<p>[\/et_pb_text][et_pb_image src=\u00bbhttps:\/\/www.tunnelriskmodel.at\/wp-content\/uploads\/2017\/12\/las_normas_para_los_t\u00faneles_viales.png\u00bb show_in_lightbox=\u00bboff\u00bb url_new_window=\u00bboff\u00bb align=\u00bbcenter\u00bb force_fullwidth=\u00bboff\u00bb always_center_on_mobile=\u00bbon\u00bb use_border_color=\u00bboff\u00bb custom_margin=\u00bb30px|||\u00bb show_bottom_space=\u00bboff\u00bb _builder_version=\u00bb3.0.91&#8243; use_overlay=\u00bboff\u00bb \/][\/et_pb_column][\/et_pb_row][et_pb_row][et_pb_column type=\u00bb1_2&#8243;][et_pb_text admin_label=\u00bbTherefore, the Austrian Ministry\u00bb background_layout=\u00bblight\u00bb use_border_color=\u00bboff\u00bb border_color=\u00bb#ffffff\u00bb border_style=\u00bbsolid\u00bb _builder_version=\u00bb3.0.91&#8243; border_color_all=\u00bb#ffffff\u00bb border_style_all=\u00bbsolid\u00bb]<\/p>\n<p>Por lo tanto, el Ministerio Austriaco de Transporte, Innovaci\u00f3n y Tecnolog\u00eda (BMVIT) comenz\u00f3 un proceso de dise\u00f1o para desarrollar una metodolog\u00eda que cumpla con los requisitos espec\u00edficos de los t\u00faneles viales austriacos. El proceso de trabajo fue coordinado con un grupo de expertos en ventilaci\u00f3n y seguridad de t\u00faneles. El grupo comenz\u00f3 su labor en el a\u00f1o 2003 recolectando informaci\u00f3n relacionada con los accidentes, el dise\u00f1o de t\u00faneles y las caracter\u00edsticas de tr\u00e1fico y del equipamiento. Despu\u00e9s de evaluar, comparar y completar los datos con fuentes de informaci\u00f3n extranjeras, un enfoque met\u00f3dico fue definido. El modelo de riesgo en t\u00faneles \u201cTuRisMo\u201d fue publicado por primera vez en la directriz RVS 09.03.11 (Reglamentos Austriacos Sobre Construcciones Viales) el 1 de agosto de 2008. Un m\u00e9todo de evaluaci\u00f3n de riesgos simplificado fue publicado en la directriz RVS 09.02.31 (ventilaci\u00f3n de t\u00faneles) para evaluar t\u00faneles est\u00e1ndar como parte del c\u00e1lculo del equivalente de riesgo.<\/p>\n<p>En mayo del a\u00f1o 2006 se promulg\u00f3 la ley austriaca de seguridad de t\u00faneles, y los resultados de los an\u00e1lisis de riesgo en t\u00faneles tuvieron que ser tomados en cuenta para todos los proyectos de t\u00faneles en Austria. Debido a la gran cantidad de an\u00e1lisis de riesgo conducidos en Austria y en otros pa\u00edses europeos, se obtuvo gran experiencia con respecto a este tipo de herramienta de evaluaci\u00f3n de riesgos y conocimiento sobre los valores l\u00edmite logrados y excedidos.<\/p>\n<p>Despu\u00e9s de 5 a\u00f1os de experiencia pr\u00e1ctica con el Modelo Austriaco de Riesgo en T\u00faneles, se cambi\u00f3 el enfoque. En la primera fase de su aplicaci\u00f3n, el enfoque gir\u00f3 alrededor casos est\u00e1ndar, por ejemplo, la definici\u00f3n de la clase de riesgo de un t\u00fanel, despu\u00e9s el enfoque cambi\u00f3 a la aplicaci\u00f3n del mismo como una herramienta de toma de decisiones, abordando problemas m\u00e1s complejos y nuevos.<\/p>\n<p>[\/et_pb_text][\/et_pb_column][et_pb_column type=\u00bb1_2&#8243;][et_pb_text admin_label=\u00bbAs costs are becoming\u00bb background_layout=\u00bblight\u00bb use_border_color=\u00bboff\u00bb border_color=\u00bb#ffffff\u00bb border_style=\u00bbsolid\u00bb _builder_version=\u00bb3.0.91&#8243; border_color_all=\u00bb#ffffff\u00bb border_style_all=\u00bbsolid\u00bb]<\/p>\n<p>Conforme los costos se convierten en un factor a\u00fan m\u00e1s cr\u00edtico para la inversi\u00f3n en la seguridad en t\u00faneles, las evaluaciones de riesgos est\u00e1n siendo aplicadas a\u00fan m\u00e1s para evaluar los efectos de las distintas alternativas de dise\u00f1o y\/o medidas adicionales de mitigaci\u00f3n de riesgos sobre la seguridad en t\u00faneles de forma cuantitativa, para poder optimizar la relaci\u00f3n costo \u2013 beneficio.<\/p>\n<p>En el a\u00f1o 2011, el grupo de expertos comenz\u00f3 a adaptar y extender el modelo de riesgo en t\u00faneles TuRisMo, y finalmente public\u00f3 una directriz RVS 09.03.11 actualizada el 1 de abril de 2015. La versi\u00f3n actualizada de TuRisMo est\u00e1 disponible en versi\u00f3n est\u00e1ndar y versi\u00f3n extendida. La \u00faltima incluye an\u00e1lisis detallados sobre riesgo de incendio en base a las caracter\u00edsticas espec\u00edficas de propagaci\u00f3n de humo de un t\u00fanel.<\/p>\n<p>Los an\u00e1lisis de riesgo a menudo son utilizados como una herramienta de apoyo a la toma de decisiones en la fase de dise\u00f1o o durante la rehabilitaci\u00f3n de t\u00faneles existentes. En fases tempranas del dise\u00f1o o de preparaci\u00f3n de rehabilitaci\u00f3n, un an\u00e1lisis de riesgos puede demostrar f\u00e1cilmente los efectos de las medidas de seguridad individuales o sus combinaciones sin modificaciones costosas del t\u00fanel. Los an\u00e1lisis de riesgos tambi\u00e9n se combinan a menudo con consideraciones sobre la relaci\u00f3n costo-beneficio.<\/p>\n<p>[\/et_pb_text][et_pb_divider color=\u00bb#bbbbbb\u00bb show_divider=\u00bbon\u00bb height=\u00bb2&#8243; divider_style=\u00bbsolid\u00bb divider_position=\u00bbtop\u00bb divider_weight=\u00bb1&#8243; hide_on_mobile=\u00bbon\u00bb disabled_on=\u00bbon|on|off\u00bb \/][et_pb_text admin_label=\u00bbLinks\u00bb background_layout=\u00bblight\u00bb use_border_color=\u00bboff\u00bb background_position=\u00bbtop_left\u00bb background_repeat=\u00bbrepeat\u00bb background_size=\u00bbinitial\u00bb _builder_version=\u00bb3.0.91&#8243;]<\/p>\n<p><a href=\"https:\/\/www.tunnelriskmodel.at\/es\/acerca-de-turismo\/analisis\/\" style=\"font-weight: bold; line-height: 24px;\"><span style=\"font-family: 'etmodules' !important; margin-right: 5px;\">=<\/span> An\u00e1lisis de frecuencia y an\u00e1lisis de consecuencias<\/a><br \/>\n<a href=\"https:\/\/www.tunnelriskmodel.at\/es\/acerca-de-turismo\/evaluacion-de-riesgos\/\" style=\"font-weight: bold; line-height: 24px;\"><span style=\"font-family: 'etmodules' !important; margin-right: 5px;\">=<\/span> Evaluaci\u00f3n de riesgos<\/a><br \/>\n<a href=\"https:\/\/www.tunnelriskmodel.at\/es\/acerca-de-turismo\/mercancias-peligrosas\/\" style=\"font-weight: bold; line-height: 24px;\"><span style=\"font-family: 'etmodules' !important; margin-right: 5px;\">=<\/span> Mercanc\u00edas Peligrosas<\/a><\/p>\n<p>[\/et_pb_text][\/et_pb_column][\/et_pb_row][\/et_pb_section][et_pb_section bb_built=\u00bb1&#8243; fullwidth=\u00bboff\u00bb specialty=\u00bboff\u00bb transparent_background=\u00bboff\u00bb allow_player_pause=\u00bboff\u00bb inner_shadow=\u00bboff\u00bb parallax=\u00bboff\u00bb parallax_method=\u00bboff\u00bb custom_padding=\u00bb30px|||\u00bb padding_mobile=\u00bbon\u00bb make_fullwidth=\u00bboff\u00bb use_custom_width=\u00bboff\u00bb width_unit=\u00bbon\u00bb make_equal=\u00bboff\u00bb use_custom_gutter=\u00bboff\u00bb gutter_width=\u00bb3&#8243; background_color=\u00bb#eeeeee\u00bb custom_padding_tablet=\u00bb30px|||\u00bb][et_pb_row][et_pb_column type=\u00bb4_4&#8243;][et_pb_text admin_label=\u00bbObjective\u00bb background_layout=\u00bblight\u00bb use_border_color=\u00bboff\u00bb border_color=\u00bb#ffffff\u00bb border_style=\u00bbsolid\u00bb _builder_version=\u00bb3.0.91&#8243; border_color_all=\u00bb#ffffff\u00bb border_style_all=\u00bbsolid\u00bb]<\/p>\n<h2>Objetivo<\/h2>\n<p>El objetivo del modelo de an\u00e1lisis de riesgo en t\u00faneles es presentar un an\u00e1lisis cuantitativo y una evaluaci\u00f3n de los riesgos potenciales relacionados con los t\u00faneles viales y el impacto de estos sobre los usuarios de los t\u00faneles. Junto con los reglamentos legales y los requisitos definidos en las directrices, el modelo de an\u00e1lisis de riesgo en t\u00faneles representa una herramienta adicional para garantizarles a los usuarios de t\u00faneles un nivel de seguridad que cumpla con los respectivos requisitos. Adicionalmente, los an\u00e1lisis de riesgos deber\u00edan tambi\u00e9n ayudan a optimizar las inversiones de seguridad en t\u00faneles en cuanto a la relaci\u00f3n costo-eficiencia. Conforme a los datos registrados requeridos, el modelo de an\u00e1lisis de riesgos en t\u00faneles provee la oportunidad de producir un registro cuantitativo de casi todos los factores que influyen en la seguridad en t\u00faneles y tambi\u00e9n facilita la evaluaci\u00f3n de los mismos.<\/p>\n<p>Este m\u00e9todo es un modelo de an\u00e1lisis de riesgos en t\u00faneles basado en un sistema que ha sido desarrollado para llevar a cabo evaluaciones de t\u00faneles viales en cuanto a la seguridad general. Es especialmente aplicable para efectuar comparaciones de riesgos en base cuantitativa.<\/p>\n<p>[\/et_pb_text][\/et_pb_column][\/et_pb_row][\/et_pb_section]<\/p>\n","protected":false},"excerpt":{"rendered":"<p>Antecedentes Despu\u00e9s de los severos accidentes en t\u00faneles en el a\u00f1o 1999 y 2001 varias autoridades e institutos de investigaci\u00f3n en Europa dedicaron m\u00e1s tiempo que nunca discutiendo y aclarando las normas para los t\u00faneles viales. Uno de los resultados de este proceso de discusi\u00f3n fue el desarrollo y la publicaci\u00f3n de la Directiva CE [&hellip;]<\/p>\n","protected":false},"author":4,"featured_media":0,"parent":657,"menu_order":1,"comment_status":"closed","ping_status":"closed","template":"","meta":{"_et_pb_use_builder":"on","_et_pb_old_content":"","_et_gb_content_width":"","footnotes":""},"class_list":["post-631","page","type-page","status-publish","hentry"],"_links":{"self":[{"href":"https:\/\/www.tunnelriskmodel.at\/es\/wp-json\/wp\/v2\/pages\/631","targetHints":{"allow":["GET"]}}],"collection":[{"href":"https:\/\/www.tunnelriskmodel.at\/es\/wp-json\/wp\/v2\/pages"}],"about":[{"href":"https:\/\/www.tunnelriskmodel.at\/es\/wp-json\/wp\/v2\/types\/page"}],"author":[{"embeddable":true,"href":"https:\/\/www.tunnelriskmodel.at\/es\/wp-json\/wp\/v2\/users\/4"}],"replies":[{"embeddable":true,"href":"https:\/\/www.tunnelriskmodel.at\/es\/wp-json\/wp\/v2\/comments?post=631"}],"version-history":[{"count":6,"href":"https:\/\/www.tunnelriskmodel.at\/es\/wp-json\/wp\/v2\/pages\/631\/revisions"}],"predecessor-version":[{"id":739,"href":"https:\/\/www.tunnelriskmodel.at\/es\/wp-json\/wp\/v2\/pages\/631\/revisions\/739"}],"up":[{"embeddable":true,"href":"https:\/\/www.tunnelriskmodel.at\/es\/wp-json\/wp\/v2\/pages\/657"}],"wp:attachment":[{"href":"https:\/\/www.tunnelriskmodel.at\/es\/wp-json\/wp\/v2\/media?parent=631"}],"curies":[{"name":"wp","href":"https:\/\/api.w.org\/{rel}","templated":true}]}}