{"id":646,"date":"2017-12-14T14:15:32","date_gmt":"2017-12-14T13:15:32","guid":{"rendered":"https:\/\/www.tunnelriskmodel.at\/?page_id=646"},"modified":"2018-02-22T16:56:38","modified_gmt":"2018-02-22T15:56:38","slug":"aplicacion-de-turismo","status":"publish","type":"page","link":"https:\/\/www.tunnelriskmodel.at\/es\/aplicacion\/aplicacion-de-turismo\/","title":{"rendered":"Aplicaci\u00f3n de TuRisMo"},"content":{"rendered":"<p>[et_pb_section bb_built=\u00bb1&#8243; admin_label=\u00bbsection\u00bb background_image=\u00bbhttps:\/\/www.tunnelriskmodel.at\/wp-content\/uploads\/2015\/10\/stripe_bottom_grey.png\u00bb transparent_background=\u00bboff\u00bb background_color=\u00bb#e66a1f\u00bb allow_player_pause=\u00bboff\u00bb inner_shadow=\u00bboff\u00bb parallax=\u00bboff\u00bb parallax_method=\u00bboff\u00bb custom_padding=\u00bb20px||20px|\u00bb padding_mobile=\u00bbon\u00bb make_fullwidth=\u00bboff\u00bb use_custom_width=\u00bboff\u00bb width_unit=\u00bbon\u00bb make_equal=\u00bboff\u00bb use_custom_gutter=\u00bboff\u00bb custom_css_main_element=\u00bb-moz-background-size: 100%;||-webkit-background-size: 100%;||background-size: 100%;||background-position: center bottom;\u00bb gutter_width=\u00bb3&#8243; custom_padding_tablet=\u00bb20px||20px|\u00bb][et_pb_row admin_label=\u00bbrow\u00bb background_position=\u00bbtop_left\u00bb background_repeat=\u00bbrepeat\u00bb background_size=\u00bbinitial\u00bb][et_pb_column type=\u00bb4_4&#8243;][et_pb_text admin_label=\u00bbApplication of TuRisMo\u00bb background_layout=\u00bbdark\u00bb use_border_color=\u00bboff\u00bb border_color=\u00bb#ffffff\u00bb border_style=\u00bbsolid\u00bb _builder_version=\u00bb3.0.91&#8243; border_color_all=\u00bb#ffffff\u00bb border_style_all=\u00bbsolid\u00bb]<\/p>\n<h1>Aplicaci\u00f3n de TuRisMo<\/h1>\n<p>[\/et_pb_text][\/et_pb_column][\/et_pb_row][\/et_pb_section][et_pb_section bb_built=\u00bb1&#8243; admin_label=\u00bbsection\u00bb transparent_background=\u00bboff\u00bb background_color=\u00bb#eeeeee\u00bb allow_player_pause=\u00bboff\u00bb inner_shadow=\u00bboff\u00bb parallax=\u00bboff\u00bb parallax_method=\u00bboff\u00bb custom_padding=\u00bb30px||30px|\u00bb padding_mobile=\u00bbon\u00bb make_fullwidth=\u00bboff\u00bb use_custom_width=\u00bboff\u00bb width_unit=\u00bbon\u00bb make_equal=\u00bboff\u00bb use_custom_gutter=\u00bboff\u00bb gutter_width=\u00bb3&#8243; custom_padding_tablet=\u00bb30px||30px|\u00bb][et_pb_row admin_label=\u00bbrow\u00bb background_position=\u00bbtop_left\u00bb background_repeat=\u00bbrepeat\u00bb background_size=\u00bbinitial\u00bb][et_pb_column type=\u00bb1_2&#8243;][et_pb_accordion module_class=\u00bbtmo_accord\u00bb icon_color=\u00bb#e66a1f\u00bb use_border_color=\u00bboff\u00bb border_color=\u00bb#ffffff\u00bb border_style=\u00bbsolid\u00bb _builder_version=\u00bb3.0.91&#8243; border_color_all=\u00bb#ffffff\u00bb border_style_all=\u00bbsolid\u00bb]<\/p>\n<p>[et_pb_accordion_item title=\u00bbTr\u00e1fico\u00bb _builder_version=\u00bb3.0.91&#8243; use_background_color_gradient=\u00bboff\u00bb background_color_gradient_start=\u00bb#2b87da\u00bb background_color_gradient_end=\u00bb#29c4a9&#8243; background_color_gradient_type=\u00bblinear\u00bb background_color_gradient_direction=\u00bb180deg\u00bb background_color_gradient_direction_radial=\u00bbcenter\u00bb background_color_gradient_start_position=\u00bb0%\u00bb background_color_gradient_end_position=\u00bb100%\u00bb background_color_gradient_overlays_image=\u00bboff\u00bb parallax=\u00bboff\u00bb parallax_method=\u00bbon\u00bb background_size=\u00bbcover\u00bb background_position=\u00bbcenter\u00bb background_repeat=\u00bbno-repeat\u00bb background_blend=\u00bbnormal\u00bb allow_player_pause=\u00bboff\u00bb]<\/p>\n<ul>\n<li>Volumen de tr\u00e1fico<\/li>\n<li>Segmento de veh\u00edculos pesados<\/li>\n<li>Segmento de transporte de DG<\/li>\n<li>Velocidad<\/li>\n<li>Frecuencia de congesti\u00f3n<\/li>\n<li>Puntos especiales de conflicto<\/li>\n<\/ul>\n<p>[\/et_pb_accordion_item][et_pb_accordion_item title=\u00bbInfraestructura Construida \u00bb _builder_version=\u00bb3.0.91&#8243; use_background_color_gradient=\u00bboff\u00bb background_color_gradient_start=\u00bb#2b87da\u00bb background_color_gradient_end=\u00bb#29c4a9&#8243; background_color_gradient_type=\u00bblinear\u00bb background_color_gradient_direction=\u00bb180deg\u00bb background_color_gradient_direction_radial=\u00bbcenter\u00bb background_color_gradient_start_position=\u00bb0%\u00bb background_color_gradient_end_position=\u00bb100%\u00bb background_color_gradient_overlays_image=\u00bboff\u00bb parallax=\u00bboff\u00bb parallax_method=\u00bbon\u00bb background_size=\u00bbcover\u00bb background_position=\u00bbcenter\u00bb background_repeat=\u00bbno-repeat\u00bb background_blend=\u00bbnormal\u00bb allow_player_pause=\u00bboff\u00bb]<\/p>\n<ul>\n<li>T\u00fanel unidireccional o bidireccional<\/li>\n<li>Longitud del t\u00fanel<\/li>\n<li>Distancia entre las salidas de emergencia<\/li>\n<li>Pendiente longitudinal (dentro del t\u00fanel en las rutas de acceso)<\/li>\n<li>Geometr\u00eda de la secci\u00f3n transversal<\/li>\n<li>Cantidad de carriles de circulaci\u00f3n<\/li>\n<li>Carril de emergencia \/ apartaderos<\/li>\n<\/ul>\n<p>[\/et_pb_accordion_item][et_pb_accordion_item title=\u00bbEquipamiento \/Vigilancia\u00bb _builder_version=\u00bb3.0.91&#8243; use_background_color_gradient=\u00bboff\u00bb background_color_gradient_start=\u00bb#2b87da\u00bb background_color_gradient_end=\u00bb#29c4a9&#8243; background_color_gradient_type=\u00bblinear\u00bb background_color_gradient_direction=\u00bb180deg\u00bb background_color_gradient_direction_radial=\u00bbcenter\u00bb background_color_gradient_start_position=\u00bb0%\u00bb background_color_gradient_end_position=\u00bb100%\u00bb background_color_gradient_overlays_image=\u00bboff\u00bb parallax=\u00bboff\u00bb parallax_method=\u00bbon\u00bb background_size=\u00bbcover\u00bb background_position=\u00bbcenter\u00bb background_repeat=\u00bbno-repeat\u00bb background_blend=\u00bbnormal\u00bb allow_player_pause=\u00bboff\u00bb]<\/p>\n<ul>\n<li>Detecci\u00f3n por video<\/li>\n<li>Nivel de iluminaci\u00f3n<\/li>\n<li>Monitoreo de velocidad (puntual o seccional)<\/li>\n<li>Monitoreo de distancia<\/li>\n<li>Sistemas de detecci\u00f3n de incendios<\/li>\n<li>Sistemas de supresi\u00f3n de incendios<\/li>\n<\/ul>\n<p>[\/et_pb_accordion_item][et_pb_accordion_item title=\u00bbVentilaci\u00f3n\u00bb _builder_version=\u00bb3.0.91&#8243; use_background_color_gradient=\u00bboff\u00bb background_color_gradient_start=\u00bb#2b87da\u00bb background_color_gradient_end=\u00bb#29c4a9&#8243; background_color_gradient_type=\u00bblinear\u00bb background_color_gradient_direction=\u00bb180deg\u00bb background_color_gradient_direction_radial=\u00bbcenter\u00bb background_color_gradient_start_position=\u00bb0%\u00bb background_color_gradient_end_position=\u00bb100%\u00bb background_color_gradient_overlays_image=\u00bboff\u00bb parallax=\u00bboff\u00bb parallax_method=\u00bbon\u00bb background_size=\u00bbcover\u00bb background_position=\u00bbcenter\u00bb background_repeat=\u00bbno-repeat\u00bb background_blend=\u00bbnormal\u00bb allow_player_pause=\u00bboff\u00bb]<\/p>\n<ul>\n<li>Tipo de ventilaci\u00f3n (natural, longitudinal, transversal)<\/li>\n<li>Capacidad de ventilaci\u00f3n<\/li>\n<li>Monitoreo de flujo de aire<\/li>\n<li>Programa de incendios del sistema de ventilaci\u00f3n<\/li>\n<li>Tiempo de reacci\u00f3n del sistema de ventilaci\u00f3n<\/li>\n<\/ul>\n<p>[\/et_pb_accordion_item][et_pb_accordion_item title=\u00bbAuto-rescate\u00bb _builder_version=\u00bb3.0.91&#8243; use_background_color_gradient=\u00bboff\u00bb background_color_gradient_start=\u00bb#2b87da\u00bb background_color_gradient_end=\u00bb#29c4a9&#8243; background_color_gradient_type=\u00bblinear\u00bb background_color_gradient_direction=\u00bb180deg\u00bb background_color_gradient_direction_radial=\u00bbcenter\u00bb background_color_gradient_start_position=\u00bb0%\u00bb background_color_gradient_end_position=\u00bb100%\u00bb background_color_gradient_overlays_image=\u00bboff\u00bb parallax=\u00bboff\u00bb parallax_method=\u00bbon\u00bb background_size=\u00bbcover\u00bb background_position=\u00bbcenter\u00bb background_repeat=\u00bbno-repeat\u00bb background_blend=\u00bbnormal\u00bb allow_player_pause=\u00bboff\u00bb]<\/p>\n<ul>\n<li>Distancia entre las salidas de emergencia<\/li>\n<li>Ubicaci\u00f3n del accidente<\/li>\n<li>Tipo\/cantidad de veh\u00edculos involucrados<\/li>\n<li>Tasa de ocupaci\u00f3n de los veh\u00edculos<\/li>\n<li>Se\u00f1alizaci\u00f3n de las salidas de emergencia<\/li>\n<li>Sistemas de informaci\u00f3n<\/li>\n<\/ul>\n<p>[\/et_pb_accordion_item][et_pb_accordion_item title=\u00bbRescate por Terceros\u00bb _builder_version=\u00bb3.0.91&#8243; use_background_color_gradient=\u00bboff\u00bb background_color_gradient_start=\u00bb#2b87da\u00bb background_color_gradient_end=\u00bb#29c4a9&#8243; background_color_gradient_type=\u00bblinear\u00bb background_color_gradient_direction=\u00bb180deg\u00bb background_color_gradient_direction_radial=\u00bbcenter\u00bb background_color_gradient_start_position=\u00bb0%\u00bb background_color_gradient_end_position=\u00bb100%\u00bb background_color_gradient_overlays_image=\u00bboff\u00bb parallax=\u00bboff\u00bb parallax_method=\u00bbon\u00bb background_size=\u00bbcover\u00bb background_position=\u00bbcenter\u00bb background_repeat=\u00bbno-repeat\u00bb background_blend=\u00bbnormal\u00bb allow_player_pause=\u00bboff\u00bb]<\/p>\n<ul>\n<li>Accesibilidad de fuerzas de respuesta<\/li>\n<li>Tiempo de despliegue de las fuerzas de respuesta<\/li>\n<\/ul>\n<p>[\/et_pb_accordion_item]<\/p>\n<p>[\/et_pb_accordion][\/et_pb_column][et_pb_column type=\u00bb1_2&#8243;][et_pb_text admin_label=\u00bbAs a result\u00bb background_layout=\u00bblight\u00bb use_border_color=\u00bboff\u00bb border_color=\u00bb#ffffff\u00bb border_style=\u00bbsolid\u00bb _builder_version=\u00bb3.0.91&#8243; border_color_all=\u00bb#ffffff\u00bb border_style_all=\u00bbsolid\u00bb]<\/p>\n<p>\nComo resultado de la actualizaci\u00f3n del modelo, el campo de aplicaci\u00f3n de TuRisMo se ha expandido para abordar varios problemas espec\u00edficos, y tambi\u00e9n para adoptar medidas para mitigar estos problemas de forma cuantitativa.<\/p>\n<p>Al modernizar TuRisMo, la cantidad de factores influyentes se increment\u00f3, creando la posibilidad de estudiar distintos tipos de t\u00faneles, como tambi\u00e9n la posibilidad de investigar una gran cantidad de medidas de seguridad en t\u00faneles distintos de forma cuantitativa.<\/p>\n<p>La siguiente figura demuestra un corto resumen de los par\u00e1metros t\u00edpicos de influencia.<\/p>\n<p>[\/et_pb_text][et_pb_divider color=\u00bb#bbbbbb\u00bb show_divider=\u00bbon\u00bb height=\u00bb5px\u00bb divider_style=\u00bbsolid\u00bb divider_position=\u00bbtop\u00bb divider_weight=\u00bb1&#8243; hide_on_mobile=\u00bbon\u00bb disabled_on=\u00bbon|on|off\u00bb \/][et_pb_text admin_label=\u00bbLinks\u00bb background_layout=\u00bblight\u00bb use_border_color=\u00bboff\u00bb _builder_version=\u00bb3.0.91&#8243; border_color_all=\u00bb#ffffff\u00bb]<\/p>\n<p><a style=\"font-weight: bold; line-height: 24px;\" href=\"https:\/\/www.tunnelriskmodel.at\/es\/aplicacion\/estudio-de-casos\/\"><span style=\"font-family: 'etmodules' !important; margin-right: 5px;\">=<\/span> Estudio de casos<\/a><br \/>\n<a style=\"font-weight: bold; line-height: 24px;\" href=\"https:\/\/www.tunnelriskmodel.at\/es\/aplicacion\/ejemplos-de-proyectos\/\"><span style=\"font-family: 'etmodules' !important; margin-right: 5px;\">=<\/span> Ejemplos de proyectos<\/a><\/p>\n<p>[\/et_pb_text][\/et_pb_column][\/et_pb_row][\/et_pb_section]<\/p>\n","protected":false},"excerpt":{"rendered":"<p>Aplicaci\u00f3n de TuRisMo Volumen de tr\u00e1fico Segmento de veh\u00edculos pesados Segmento de transporte de DG Velocidad Frecuencia de congesti\u00f3n Puntos especiales de conflicto T\u00fanel unidireccional o bidireccional Longitud del t\u00fanel Distancia entre las salidas de emergencia Pendiente longitudinal (dentro del t\u00fanel en las rutas de acceso) Geometr\u00eda de la secci\u00f3n transversal Cantidad de carriles de [&hellip;]<\/p>\n","protected":false},"author":4,"featured_media":0,"parent":653,"menu_order":1,"comment_status":"closed","ping_status":"closed","template":"","meta":{"_et_pb_use_builder":"on","_et_pb_old_content":"","_et_gb_content_width":"","footnotes":""},"class_list":["post-646","page","type-page","status-publish","hentry"],"_links":{"self":[{"href":"https:\/\/www.tunnelriskmodel.at\/es\/wp-json\/wp\/v2\/pages\/646","targetHints":{"allow":["GET"]}}],"collection":[{"href":"https:\/\/www.tunnelriskmodel.at\/es\/wp-json\/wp\/v2\/pages"}],"about":[{"href":"https:\/\/www.tunnelriskmodel.at\/es\/wp-json\/wp\/v2\/types\/page"}],"author":[{"embeddable":true,"href":"https:\/\/www.tunnelriskmodel.at\/es\/wp-json\/wp\/v2\/users\/4"}],"replies":[{"embeddable":true,"href":"https:\/\/www.tunnelriskmodel.at\/es\/wp-json\/wp\/v2\/comments?post=646"}],"version-history":[{"count":6,"href":"https:\/\/www.tunnelriskmodel.at\/es\/wp-json\/wp\/v2\/pages\/646\/revisions"}],"predecessor-version":[{"id":750,"href":"https:\/\/www.tunnelriskmodel.at\/es\/wp-json\/wp\/v2\/pages\/646\/revisions\/750"}],"up":[{"embeddable":true,"href":"https:\/\/www.tunnelriskmodel.at\/es\/wp-json\/wp\/v2\/pages\/653"}],"wp:attachment":[{"href":"https:\/\/www.tunnelriskmodel.at\/es\/wp-json\/wp\/v2\/media?parent=646"}],"curies":[{"name":"wp","href":"https:\/\/api.w.org\/{rel}","templated":true}]}}