{"id":649,"date":"2017-12-14T14:29:24","date_gmt":"2017-12-14T13:29:24","guid":{"rendered":"https:\/\/www.tunnelriskmodel.at\/?page_id=649"},"modified":"2020-03-04T14:21:20","modified_gmt":"2020-03-04T13:21:20","slug":"estudio-de-casos","status":"publish","type":"page","link":"https:\/\/www.tunnelriskmodel.at\/es\/aplicacion\/estudio-de-casos\/","title":{"rendered":"Estudio de casos"},"content":{"rendered":"<p>[et_pb_section bb_built=\u00bb1&#8243; admin_label=\u00bbsection\u00bb background_image=\u00bbhttps:\/\/www.tunnelriskmodel.at\/wp-content\/uploads\/2015\/10\/stripe_bottom.jpg\u00bb transparent_background=\u00bboff\u00bb background_color=\u00bb#e66a1f\u00bb allow_player_pause=\u00bboff\u00bb inner_shadow=\u00bboff\u00bb parallax=\u00bboff\u00bb parallax_method=\u00bboff\u00bb custom_padding=\u00bb20px||20px|\u00bb padding_mobile=\u00bbon\u00bb make_fullwidth=\u00bboff\u00bb use_custom_width=\u00bboff\u00bb width_unit=\u00bbon\u00bb make_equal=\u00bboff\u00bb use_custom_gutter=\u00bboff\u00bb custom_css_main_element=\u00bb-moz-background-size: 100%;||-webkit-background-size: 100%;||background-size: 100%;||background-position: center bottom;\u00bb gutter_width=\u00bb3&#8243; custom_padding_tablet=\u00bb20px||20px|\u00bb next_background_color=\u00bb#ffffff\u00bb][et_pb_row admin_label=\u00bbrow\u00bb background_position=\u00bbtop_left\u00bb background_repeat=\u00bbrepeat\u00bb background_size=\u00bbinitial\u00bb][et_pb_column type=\u00bb4_4&#8243;][et_pb_text admin_label=\u00bbCase Studies\u00bb background_layout=\u00bbdark\u00bb use_border_color=\u00bboff\u00bb border_color=\u00bb#ffffff\u00bb border_style=\u00bbsolid\u00bb _builder_version=\u00bb3.0.91&#8243; border_color_all=\u00bb#ffffff\u00bb border_style_all=\u00bbsolid\u00bb]<\/p>\n<h1>Estudio de casos<\/h1>\n<p>[\/et_pb_text][\/et_pb_column][\/et_pb_row][\/et_pb_section][et_pb_section bb_built=\u00bb1&#8243; admin_label=\u00bbsection\u00bb transparent_background=\u00bboff\u00bb allow_player_pause=\u00bboff\u00bb inner_shadow=\u00bboff\u00bb parallax=\u00bboff\u00bb parallax_method=\u00bboff\u00bb custom_padding=\u00bb30px||30px|\u00bb padding_mobile=\u00bbon\u00bb make_fullwidth=\u00bboff\u00bb use_custom_width=\u00bboff\u00bb width_unit=\u00bbon\u00bb make_equal=\u00bboff\u00bb use_custom_gutter=\u00bboff\u00bb gutter_width=\u00bb3&#8243; custom_padding_tablet=\u00bb30px||30px|\u00bb prev_background_color=\u00bb#e66a1f\u00bb next_background_color=\u00bb#000000&#8243;][et_pb_row admin_label=\u00bbrow\u00bb background_position=\u00bbtop_left\u00bb background_repeat=\u00bbrepeat\u00bb background_size=\u00bbinitial\u00bb][et_pb_column type=\u00bb1_2&#8243;][et_pb_text admin_label=\u00bbCase 1&#8243; use_border_color=\u00bboff\u00bb border_color=\u00bb#ffffff\u00bb border_style=\u00bbsolid\u00bb _builder_version=\u00bb3.17.6&#8243; border_color_all=\u00bb#ffffff\u00bb]<\/p>\n<p><strong>Informaci\u00f3n sobre el t\u00fanel<\/strong><br \/>Sistema: T\u00fanel bidireccional<br \/>Longitud: 1.300 m<br \/>AADT: 25.000 veh\u00edculos\/24h<\/p>\n<p><strong>Tipo de trabajo<\/strong><br \/>El equipamiento existente del t\u00fanel no cumple con las directrices<br \/>Las directrices requieren cuatro salidas de emergencia y una extracci\u00f3n de humo costosa<br \/>Se est\u00e1 revisando si un riesgo igual o menor puede ser logrado empleando ventilaci\u00f3n mec\u00e1nica longitudinal y proporcionando salidas de emergencia adicionales<\/p>\n<p><strong>Medidas<\/strong><br \/>N\u00famero variable de salidas de emergencia (ninguna, cuatro y nueve salidas de emergencia)<br \/>Sistemas de ventilaci\u00f3n diferentes (extracci\u00f3n de humo, ventilaci\u00f3n longitudinal mec\u00e1nica)<\/p>\n<p><strong>Modelo de riesgos<\/strong> Alem\u00e1n<\/p>\n<p>[\/et_pb_text][\/et_pb_column][et_pb_column type=\u00bb1_2&#8243;][et_pb_image src=\u00bbhttps:\/\/www.tunnelriskmodel.at\/wp-content\/uploads\/2017\/12\/caso_1.png\u00bb show_in_lightbox=\u00bbon\u00bb url_new_window=\u00bboff\u00bb align=\u00bbleft\u00bb force_fullwidth=\u00bboff\u00bb always_center_on_mobile=\u00bbon\u00bb use_border_color=\u00bboff\u00bb animation_direction=\u00bbleft\u00bb show_bottom_space=\u00bbon\u00bb animation_style=\u00bbslide\u00bb animation_duration=\u00bb500ms\u00bb animation_intensity_slide=\u00bb10%\u00bb _builder_version=\u00bb3.0.91&#8243; use_overlay=\u00bboff\u00bb \/][\/et_pb_column][\/et_pb_row][et_pb_row][et_pb_column type=\u00bb4_4&#8243;][et_pb_divider color=\u00bb#cccccc\u00bb show_divider=\u00bbon\u00bb height=\u00bb5px\u00bb divider_style=\u00bbsolid\u00bb divider_position=\u00bbtop\u00bb divider_weight=\u00bb1&#8243; hide_on_mobile=\u00bbon\u00bb disabled_on=\u00bbon|on|off\u00bb \/][\/et_pb_column][\/et_pb_row][et_pb_row admin_label=\u00bbrow\u00bb background_position=\u00bbtop_left\u00bb background_repeat=\u00bbrepeat\u00bb background_size=\u00bbinitial\u00bb][et_pb_column type=\u00bb1_2&#8243;][et_pb_text admin_label=\u00bbCase 2&#8243; use_border_color=\u00bboff\u00bb _builder_version=\u00bb3.17.6&#8243; border_color_all=\u00bb#ffffff\u00bb]<\/p>\n<p><strong>Informaci\u00f3n sobre el t\u00fanel<\/strong><br \/>Sistema: T\u00fanel bidireccional<br \/>Longitud: 4.300 m<br \/>AADT: 19.000 veh\u00edculos\/24h<\/p>\n<p><strong>Tipo de trabajo<\/strong><br \/>El tr\u00e1fico bidireccional en el t\u00fanel debe ser mantenido durante la rehabilitaci\u00f3n<br \/>Las directrices requieren una extracci\u00f3n de humo costosa<br \/>Identificaci\u00f3n de medidas innovadoras para lograr un riesgo menor en comparaci\u00f3n al t\u00fanel de referencia, incluso con ventilaci\u00f3n mec\u00e1nica longitudinal<\/p>\n<p><strong>Medidas<\/strong><br \/>L\u00edmite de velocidad de 60 km\/h<br \/>Monitoreo velocidad con control de las secciones<br \/>Brigada de bomberos en servicio de reserva en los portales del t\u00fanel<br \/>Combinaci\u00f3n de varias medidas<\/p>\n<p><strong>Modelo de riesgos<\/strong> Austriaco<\/p>\n<p>[\/et_pb_text][\/et_pb_column][et_pb_column type=\u00bb1_2&#8243;][et_pb_image src=\u00bbhttps:\/\/www.tunnelriskmodel.at\/wp-content\/uploads\/2017\/12\/caso_2.png\u00bb show_in_lightbox=\u00bbon\u00bb url_new_window=\u00bboff\u00bb align=\u00bbleft\u00bb force_fullwidth=\u00bboff\u00bb always_center_on_mobile=\u00bbon\u00bb use_border_color=\u00bboff\u00bb animation_direction=\u00bbleft\u00bb show_bottom_space=\u00bbon\u00bb animation_style=\u00bbslide\u00bb animation_duration=\u00bb500ms\u00bb animation_intensity_slide=\u00bb10%\u00bb _builder_version=\u00bb3.0.91&#8243; use_overlay=\u00bboff\u00bb \/][\/et_pb_column][\/et_pb_row][et_pb_row][et_pb_column type=\u00bb4_4&#8243;][et_pb_divider color=\u00bb#cccccc\u00bb show_divider=\u00bbon\u00bb height=\u00bb5px\u00bb divider_style=\u00bbsolid\u00bb divider_position=\u00bbtop\u00bb divider_weight=\u00bb1&#8243; hide_on_mobile=\u00bbon\u00bb disabled_on=\u00bbon|on|off\u00bb \/][\/et_pb_column][\/et_pb_row][et_pb_row admin_label=\u00bbrow\u00bb background_position=\u00bbtop_left\u00bb background_repeat=\u00bbrepeat\u00bb background_size=\u00bbinitial\u00bb][et_pb_column type=\u00bb1_2&#8243;][et_pb_text admin_label=\u00bbCase 3&#8243; use_border_color=\u00bboff\u00bb background_position=\u00bbtop_left\u00bb background_repeat=\u00bbrepeat\u00bb background_size=\u00bbinitial\u00bb _builder_version=\u00bb3.17.6&#8243;]<\/p>\n<p><strong>Informaci\u00f3n sobre el t\u00fanel<\/strong><br \/>Sistema: T\u00fanel bidireccional<br \/>Longitud: 1.500 m<br \/>AADT: 13.000 veh\u00edculos\/24h<br \/>Porcentaje de buses: 7%<\/p>\n<p><strong>Tipo de trabajo<\/strong><br \/>Las directrices requieren una extracci\u00f3n de humo costosa<br \/>La disposici\u00f3n de salidas de emergencia es muy costosa debido a la ubicaci\u00f3n<br \/>Identificaci\u00f3n de medidas innovadoras para lograr un riesgo menor en comparaci\u00f3n al t\u00fanel de referencia, incluso con ventilaci\u00f3n mec\u00e1nica longitudinal<\/p>\n<p><strong>Medidas<\/strong><br \/>Cantidad variable de salidas de emergencia (ninguna, dos salidas de emergencia)<br \/>Diferentes sistemas de ventilaci\u00f3n (extracci\u00f3n de humo, ventilaci\u00f3n mec\u00e1nica longitudinal)<br \/>No permitir buses<br \/>Sistema autom\u00e1tico contra incendios<br \/>Ventilaci\u00f3n neutra (ventilaci\u00f3n con flujo de cero)<br \/>Combinaci\u00f3n de varias medidas<\/p>\n<p><strong>Modelo de riesgos<\/strong> Austraico<\/p>\n<p>[\/et_pb_text][\/et_pb_column][et_pb_column type=\u00bb1_2&#8243;][et_pb_image src=\u00bbhttps:\/\/www.tunnelriskmodel.at\/wp-content\/uploads\/2017\/12\/caso_3.png\u00bb show_in_lightbox=\u00bbon\u00bb url_new_window=\u00bboff\u00bb align=\u00bbleft\u00bb force_fullwidth=\u00bboff\u00bb always_center_on_mobile=\u00bbon\u00bb use_border_color=\u00bboff\u00bb animation_direction=\u00bbleft\u00bb show_bottom_space=\u00bbon\u00bb animation_style=\u00bbslide\u00bb animation_duration=\u00bb500ms\u00bb animation_intensity_slide=\u00bb10%\u00bb _builder_version=\u00bb3.0.91&#8243; use_overlay=\u00bboff\u00bb \/][\/et_pb_column][\/et_pb_row][et_pb_row][et_pb_column type=\u00bb4_4&#8243;][et_pb_divider color=\u00bb#cccccc\u00bb show_divider=\u00bbon\u00bb height=\u00bb5px\u00bb divider_style=\u00bbsolid\u00bb divider_position=\u00bbtop\u00bb divider_weight=\u00bb1&#8243; hide_on_mobile=\u00bbon\u00bb disabled_on=\u00bbon|on|off\u00bb \/][\/et_pb_column][\/et_pb_row][et_pb_row admin_label=\u00bbrow\u00bb background_position=\u00bbtop_left\u00bb background_repeat=\u00bbrepeat\u00bb background_size=\u00bbinitial\u00bb][et_pb_column type=\u00bb1_2&#8243;][et_pb_text admin_label=\u00bbCase 4&#8243; use_border_color=\u00bboff\u00bb background_position=\u00bbtop_left\u00bb background_repeat=\u00bbrepeat\u00bb background_size=\u00bbinitial\u00bb _builder_version=\u00bb3.17.6&#8243;]<\/p>\n<p><strong>Informaci\u00f3n sobre el t\u00fanel<\/strong><br \/>Sistema: T\u00fanel unidireccional<br \/>Longitud: 1.700 m<br \/>AADT: 86.000 veh\u00edculos\/24h<\/p>\n<p><strong>Tipo de trabajo<\/strong><br \/>Determinaci\u00f3n de la secci\u00f3n transversal apropiada para el nuevo t\u00fanel<br \/>Revisi\u00f3n del impacto de largos tiempos de llegada de la brigada de bomberos<br \/>Representaci\u00f3n del impacto de un carril de emergencia adicional<\/p>\n<p><strong>Medidas<\/strong><br \/>Diferentes secciones transversales del t\u00fanel (secci\u00f3n transversal est\u00e1ndar 33t\/33T\/36t+, rectangular\/b\u00f3veda)<br \/>Diferentes tiempos de llegada de la brigada de bomberos (15 min, 23 min)<\/p>\n<p><strong>Modelo de riesgos<\/strong> Alem\u00e1n<\/p>\n<p>[\/et_pb_text][\/et_pb_column][et_pb_column type=\u00bb1_2&#8243;][et_pb_image src=\u00bbhttps:\/\/www.tunnelriskmodel.at\/wp-content\/uploads\/2017\/12\/caso_4.png\u00bb show_in_lightbox=\u00bbon\u00bb url_new_window=\u00bboff\u00bb align=\u00bbleft\u00bb force_fullwidth=\u00bboff\u00bb always_center_on_mobile=\u00bbon\u00bb use_border_color=\u00bboff\u00bb animation_direction=\u00bbleft\u00bb show_bottom_space=\u00bbon\u00bb animation_style=\u00bbslide\u00bb animation_duration=\u00bb500ms\u00bb animation_intensity_slide=\u00bb10%\u00bb _builder_version=\u00bb3.0.91&#8243; use_overlay=\u00bboff\u00bb \/][\/et_pb_column][\/et_pb_row][et_pb_row][et_pb_column type=\u00bb4_4&#8243;][et_pb_divider color=\u00bb#cccccc\u00bb show_divider=\u00bbon\u00bb height=\u00bb5px\u00bb divider_style=\u00bbsolid\u00bb divider_position=\u00bbtop\u00bb divider_weight=\u00bb1&#8243; hide_on_mobile=\u00bbon\u00bb disabled_on=\u00bbon|on|off\u00bb \/][\/et_pb_column][\/et_pb_row][et_pb_row admin_label=\u00bbrow\u00bb background_position=\u00bbtop_left\u00bb background_repeat=\u00bbrepeat\u00bb background_size=\u00bbinitial\u00bb][et_pb_column type=\u00bb1_2&#8243;][et_pb_text admin_label=\u00bbCase 5&#8243; use_border_color=\u00bboff\u00bb background_position=\u00bbtop_left\u00bb background_repeat=\u00bbrepeat\u00bb background_size=\u00bbinitial\u00bb _builder_version=\u00bb3.17.6&#8243;]<\/p>\n<p><strong>Informaci\u00f3n sobre el t\u00fanel<\/strong><br \/>Sistema: T\u00fanel bidireccional<br \/>Longitud: 4.975 m<br \/>AADT: 10.450 veh\u00edculos\/24h (2015)<\/p>\n<p><strong>Tipo de trabajo<\/strong><br \/>El equipamiento existente del t\u00fanel no cumple con las directrices<br \/>Evaluaci\u00f3n de posibles alternativas<\/p>\n<p><strong>Medidas<\/strong><br \/>Control Local de Velocidad (LSC)<br \/>Control de las Secciones (SC)<br \/>Control de Distancia usando LEDs (DC)<br \/>Esc\u00e1ner T\u00e9rmico (TS)<\/p>\n<p><strong>Modelo de riesgos<\/strong> Eslovaco<\/p>\n<p>[\/et_pb_text][\/et_pb_column][et_pb_column type=\u00bb1_2&#8243;][et_pb_image src=\u00bbhttps:\/\/www.tunnelriskmodel.at\/wp-content\/uploads\/2017\/12\/caso_5.png\u00bb show_in_lightbox=\u00bbon\u00bb url_new_window=\u00bboff\u00bb align=\u00bbleft\u00bb force_fullwidth=\u00bboff\u00bb always_center_on_mobile=\u00bbon\u00bb use_border_color=\u00bboff\u00bb animation_direction=\u00bbleft\u00bb show_bottom_space=\u00bbon\u00bb animation_style=\u00bbslide\u00bb animation_duration=\u00bb500ms\u00bb animation_intensity_slide=\u00bb10%\u00bb _builder_version=\u00bb3.0.91&#8243; use_overlay=\u00bboff\u00bb \/][\/et_pb_column][\/et_pb_row][\/et_pb_section]<\/p>\n","protected":false},"excerpt":{"rendered":"<p>Estudio de casos Informaci\u00f3n sobre el t\u00fanelSistema: T\u00fanel bidireccionalLongitud: 1.300 mAADT: 25.000 veh\u00edculos\/24hTipo de trabajoEl equipamiento existente del t\u00fanel no cumple con las directricesLas directrices requieren cuatro salidas de emergencia y una extracci\u00f3n de humo costosaSe est\u00e1 revisando si un riesgo igual o menor puede ser logrado empleando ventilaci\u00f3n mec\u00e1nica longitudinal y proporcionando salidas de [&hellip;]<\/p>\n","protected":false},"author":4,"featured_media":0,"parent":653,"menu_order":2,"comment_status":"closed","ping_status":"closed","template":"","meta":{"_et_pb_use_builder":"on","_et_pb_old_content":"","_et_gb_content_width":"","footnotes":""},"class_list":["post-649","page","type-page","status-publish","hentry"],"_links":{"self":[{"href":"https:\/\/www.tunnelriskmodel.at\/es\/wp-json\/wp\/v2\/pages\/649","targetHints":{"allow":["GET"]}}],"collection":[{"href":"https:\/\/www.tunnelriskmodel.at\/es\/wp-json\/wp\/v2\/pages"}],"about":[{"href":"https:\/\/www.tunnelriskmodel.at\/es\/wp-json\/wp\/v2\/types\/page"}],"author":[{"embeddable":true,"href":"https:\/\/www.tunnelriskmodel.at\/es\/wp-json\/wp\/v2\/users\/4"}],"replies":[{"embeddable":true,"href":"https:\/\/www.tunnelriskmodel.at\/es\/wp-json\/wp\/v2\/comments?post=649"}],"version-history":[{"count":6,"href":"https:\/\/www.tunnelriskmodel.at\/es\/wp-json\/wp\/v2\/pages\/649\/revisions"}],"predecessor-version":[{"id":803,"href":"https:\/\/www.tunnelriskmodel.at\/es\/wp-json\/wp\/v2\/pages\/649\/revisions\/803"}],"up":[{"embeddable":true,"href":"https:\/\/www.tunnelriskmodel.at\/es\/wp-json\/wp\/v2\/pages\/653"}],"wp:attachment":[{"href":"https:\/\/www.tunnelriskmodel.at\/es\/wp-json\/wp\/v2\/media?parent=649"}],"curies":[{"name":"wp","href":"https:\/\/api.w.org\/{rel}","templated":true}]}}