{"id":701,"date":"2017-12-15T11:34:18","date_gmt":"2017-12-15T10:34:18","guid":{"rendered":"https:\/\/www.tunnelriskmodel.at\/?page_id=701"},"modified":"2024-07-04T18:17:40","modified_gmt":"2024-07-04T16:17:40","slug":"sobre-esta-web","status":"publish","type":"page","link":"https:\/\/www.tunnelriskmodel.at\/es\/sobre-esta-web\/","title":{"rendered":"Sobre esta Web"},"content":{"rendered":"<p>[et_pb_section fb_built=\u00bb1&#8243; admin_label=\u00bbsection\u00bb _builder_version=\u00bb4.16&#8243; background_color=\u00bb#e66a1f\u00bb background_image=\u00bbhttps:\/\/www.tunnelriskmodel.at\/wp-content\/uploads\/2015\/10\/stripe_bottom_grey.png\u00bb custom_padding=\u00bb20px||20px|\u00bb custom_padding_tablet=\u00bb20px||20px|\u00bb custom_css_main_element=\u00bb-moz-background-size: 100%;||-webkit-background-size: 100%;||background-size: 100%;||background-position: center bottom;\u00bb transparent_background=\u00bboff\u00bb padding_mobile=\u00bbon\u00bb make_fullwidth=\u00bboff\u00bb use_custom_width=\u00bboff\u00bb width_unit=\u00bbon\u00bb global_colors_info=\u00bb{}\u00bb][et_pb_row admin_label=\u00bbrow\u00bb _builder_version=\u00bb4.16&#8243; background_size=\u00bbinitial\u00bb background_position=\u00bbtop_left\u00bb background_repeat=\u00bbrepeat\u00bb global_colors_info=\u00bb{}\u00bb][et_pb_column type=\u00bb4_4&#8243; _builder_version=\u00bb4.16&#8243; custom_padding=\u00bb|||\u00bb global_colors_info=\u00bb{}\u00bb custom_padding__hover=\u00bb|||\u00bb][et_pb_text admin_label=\u00bbImprint\u00bb _builder_version=\u00bb4.26.0&#8243; background_size=\u00bbinitial\u00bb background_position=\u00bbtop_left\u00bb background_repeat=\u00bbrepeat\u00bb background_layout=\u00bbdark\u00bb hover_enabled=\u00bb0&#8243; use_border_color=\u00bboff\u00bb global_colors_info=\u00bb{}\u00bb sticky_enabled=\u00bb0&#8243;]<\/p>\n<h1>Imprimir<\/h1>\n<p>[\/et_pb_text][\/et_pb_column][\/et_pb_row][\/et_pb_section][et_pb_section fb_built=\u00bb1&#8243; custom_padding_last_edited=\u00bbon|desktop\u00bb _builder_version=\u00bb4.16&#8243; background_color=\u00bbrgba(255,255,255,0)\u00bb custom_padding_tablet=\u00bb50px|0|50px|0&#8243; custom_padding_phone=\u00bb\u00bb transparent_background=\u00bbon\u00bb padding_mobile=\u00bboff\u00bb make_fullwidth=\u00bboff\u00bb use_custom_width=\u00bboff\u00bb width_unit=\u00bbon\u00bb global_colors_info=\u00bb{}\u00bb][et_pb_row _builder_version=\u00bb4.16&#8243; background_size=\u00bbinitial\u00bb background_position=\u00bbtop_left\u00bb background_repeat=\u00bbrepeat\u00bb global_colors_info=\u00bb{}\u00bb][et_pb_column type=\u00bb4_4&#8243; _builder_version=\u00bb4.16&#8243; custom_padding=\u00bb|||\u00bb global_colors_info=\u00bb{}\u00bb custom_padding__hover=\u00bb|||\u00bb][et_pb_text admin_label=\u00bbDisclosure\u00bb _builder_version=\u00bb4.26.0&#8243; background_size=\u00bbinitial\u00bb background_position=\u00bbtop_left\u00bb background_repeat=\u00bbrepeat\u00bb hover_enabled=\u00bb0&#8243; border_color_all=\u00bb#ffffff\u00bb border_style_all=\u00bbsolid\u00bb use_border_color=\u00bboff\u00bb border_color=\u00bb#ffffff\u00bb border_style=\u00bbsolid\u00bb global_colors_info=\u00bb{}\u00bb sticky_enabled=\u00bb0&#8243;]<\/p>\n<h4>Informaci\u00f3n seg\u00fan \u00a7 14 UGB, \u00a7\u00a7 24f Mediengesetz, \u00a7 5 ECG, \u00a7 165 TKG<\/h4>\n<p>[\/et_pb_text][et_pb_text module_class=\u00bbpub_list\u00bb _builder_version=\u00bb4.26.0&#8243; background_size=\u00bbinitial\u00bb background_position=\u00bbtop_left\u00bb background_repeat=\u00bbrepeat\u00bb hover_enabled=\u00bb0&#8243; border_color_all=\u00bb#ffffff\u00bb border_style_all=\u00bbsolid\u00bb use_border_color=\u00bboff\u00bb border_color=\u00bb#ffffff\u00bb border_style=\u00bbsolid\u00bb global_colors_info=\u00bb{}\u00bb sticky_enabled=\u00bb0&#8243;]<\/p>\n<table class=\"imprint-table\">\n<tbody>\n<tr>\n<td width=\"30%\">Propietario y editor del sitio web<\/td>\n<td width=\"70%\">ILF Consulting Engineers Austria GmbH \u2013 Sucursal de Linz<\/td>\n<\/tr>\n<tr>\n<td>Sede de la empresa<\/td>\n<td>Harrachstrasse 26, 4020 Linz<\/td>\n<\/tr>\n<tr>\n<td>Directores Generales<\/td>\n<td>DI Bruno Mattle, Mag. Ing. Josef Mayr, DI Dr. Chandrasekhar Ramakrishnan<\/td>\n<\/tr>\n<tr>\n<td>Tel\u00e9fono no.<\/td>\n<td>+43 512 24 12 4213<\/td>\n<\/tr>\n<tr>\n<td>Direcci\u00f3n de email<\/td>\n<td><a href=\"mailto:info.linz@ilf.com\">info.linz@ilf.com<\/a><\/td>\n<\/tr>\n<tr>\n<td>N\u00b0 de registro mercantil y tribunal de registro mercantil<\/td>\n<td>FN 106300 z, Tribunal Regional de Innsbruck<\/td>\n<\/tr>\n<tr>\n<td>Rama de industria<\/td>\n<td>Explotaci\u00f3n de una oficina de ingenier\u00eda, actividad como maestro de obras para proyectos de planificaci\u00f3n y construcci\u00f3n<\/td>\n<\/tr>\n<tr>\n<td>Camara de lo mercantil<\/td>\n<td>Miembro de la C\u00e1mara de Comercio de Tirol, Divisi\u00f3n de Informaci\u00f3n y Asesoramiento, Secci\u00f3n de Oficinas de Ingenier\u00eda (seg\u00fan \u00a7 134 GewO)<\/td>\n<\/tr>\n<tr>\n<td>Autoridad supervisora<\/td>\n<td>Magistrado Linz<\/td>\n<\/tr>\n<tr>\n<td>Normativa profesional aplicable<\/td>\n<td>Gewerbeordnung\u00a0<a href=\"https:\/\/www.ris.bka.gv.at\/\" target=\"_blank\" rel=\"noopener\">RIS Informationsangebote (bka.gv.at)<\/a><\/td>\n<\/tr>\n<tr>\n<td>N\u00b0 de identificaci\u00f3n de IVA<\/td>\n<td>ATU42236308<\/td>\n<\/tr>\n<\/tbody>\n<\/table>\n<p>[\/et_pb_text][\/et_pb_column][\/et_pb_row][\/et_pb_section]<\/p>\n","protected":false},"excerpt":{"rendered":"<p>Imprimir Informaci\u00f3n seg\u00fan \u00a7 14 UGB, \u00a7\u00a7 24f Mediengesetz, \u00a7 5 ECG, \u00a7 165 TKG Propietario y editor del sitio web ILF Consulting Engineers Austria GmbH \u2013 Sucursal de Linz Sede de la empresa Harrachstrasse 26, 4020 Linz Directores Generales DI Bruno Mattle, Mag. Ing. Josef Mayr, DI Dr. Chandrasekhar Ramakrishnan Tel\u00e9fono no. +43 512 [&hellip;]<\/p>\n","protected":false},"author":4,"featured_media":0,"parent":0,"menu_order":9,"comment_status":"closed","ping_status":"closed","template":"","meta":{"_et_pb_use_builder":"on","_et_pb_old_content":"","_et_gb_content_width":"","footnotes":""},"class_list":["post-701","page","type-page","status-publish","hentry"],"_links":{"self":[{"href":"https:\/\/www.tunnelriskmodel.at\/es\/wp-json\/wp\/v2\/pages\/701","targetHints":{"allow":["GET"]}}],"collection":[{"href":"https:\/\/www.tunnelriskmodel.at\/es\/wp-json\/wp\/v2\/pages"}],"about":[{"href":"https:\/\/www.tunnelriskmodel.at\/es\/wp-json\/wp\/v2\/types\/page"}],"author":[{"embeddable":true,"href":"https:\/\/www.tunnelriskmodel.at\/es\/wp-json\/wp\/v2\/users\/4"}],"replies":[{"embeddable":true,"href":"https:\/\/www.tunnelriskmodel.at\/es\/wp-json\/wp\/v2\/comments?post=701"}],"version-history":[{"count":4,"href":"https:\/\/www.tunnelriskmodel.at\/es\/wp-json\/wp\/v2\/pages\/701\/revisions"}],"predecessor-version":[{"id":866,"href":"https:\/\/www.tunnelriskmodel.at\/es\/wp-json\/wp\/v2\/pages\/701\/revisions\/866"}],"wp:attachment":[{"href":"https:\/\/www.tunnelriskmodel.at\/es\/wp-json\/wp\/v2\/media?parent=701"}],"curies":[{"name":"wp","href":"https:\/\/api.w.org\/{rel}","templated":true}]}}